{"id":17012,"date":"2019-06-11T08:24:44","date_gmt":"2019-06-11T08:24:44","guid":{"rendered":"https:\/\/prosslinerstiftung.it\/?page_id=17012\/"},"modified":"2025-02-13T11:32:16","modified_gmt":"2025-02-13T11:32:16","slug":"freiwilligenarbeit","status":"publish","type":"page","link":"https:\/\/prosslinerstiftung.it\/de\/freiwilligenarbeit\/","title":{"rendered":"Freiwilligenarbeit"},"content":{"rendered":"<div class=\"wpb-content-wrapper\"><p>[vc_row css_animation=&#8220;&#8220; row_type=&#8220;row&#8220; use_row_as_full_screen_section=&#8220;no&#8220; type=&#8220;full_width&#8220; angled_section=&#8220;no&#8220; text_align=&#8220;left&#8220; background_image_as_pattern=&#8220;without_pattern&#8220; css=&#8220;.vc_custom_1570315290142{padding-top: 400px !important;padding-bottom: 400px !important;background-image: url(https:\/\/prosslinerstiftung.it\/wp-content\/uploads\/2019\/10\/019-2-2.jpg?id=17832) !important;}&#8220;][vc_column][\/vc_column][\/vc_row][vc_row css_animation=&#8220;&#8220; row_type=&#8220;row&#8220; use_row_as_full_screen_section=&#8220;no&#8220; type=&#8220;full_width&#8220; angled_section=&#8220;no&#8220; text_align=&#8220;left&#8220; background_image_as_pattern=&#8220;without_pattern&#8220; css=&#8220;.vc_custom_1570315549092{margin-top: -30px !important;}&#8220;][vc_column][vc_separator type=&#8220;transparent&#8220; down=&#8220;60&#8243;][\/vc_column][\/vc_row][vc_row css_animation=&#8220;&#8220; row_type=&#8220;row&#8220; use_row_as_full_screen_section=&#8220;no&#8220; type=&#8220;grid&#8220; angled_section=&#8220;no&#8220; text_align=&#8220;left&#8220; background_image_as_pattern=&#8220;without_pattern&#8220;][vc_column][vc_column_text]<\/p>\n<h4><span style=\"color: #339966;\">Freiwilligenarbeit<\/span><\/h4>\n<p>[\/vc_column_text][vc_separator type=&#8220;normal&#8220;][vc_separator type=&#8220;transparent&#8220;][vc_column_text]<\/p>\n<h3 class=\"aphorism\"><span style=\"color: #ff9900;\"><em>&#8222;Das Kostbarste, was ich schenken kann, ist meine Zeit&#8220;<\/em><br \/>\n<\/span><span style=\"color: #ff9900;\"><br \/>\n<\/span><\/h3>\n<p>[\/vc_column_text][vc_column_text]<\/p>\n<h3><span style=\"color: #ff9900;\">Bereits heute leisten verschiedene Einzelpersonen als freiwillige Helferinnen und Helfer unz\u00e4hlige wertvolle Eins\u00e4tze in der Robert Prossliner Stiftung. Ohne diese Freiwilligen w\u00e4re manch Sch\u00f6nes f\u00fcr unsere Bewohner in nicht mehr m\u00f6glich. Herzlichen Dank!<\/span><\/h3>\n<p>[\/vc_column_text][vc_separator type=&#8220;transparent&#8220;][vc_column_text]<\/p>\n<h3><span class=\"ff1 cf0 fs18\">Haben Sie Freude am Umgang mit \u00e4lteren Menschen und m\u00f6chten Sie sich vermehrt engagieren?<\/span><\/h3>\n<h3>Wir suchen freiwillige Helferinnen und Helfer, welche bereit sind, einen Kontakt zu einem oder auch zu mehreren Bewohnern aufzubauen.<\/h3>\n<h3><span class=\"cf3 ff1 fs18\"><br \/>\n<\/span><span class=\"cf1 ff1 fs18\">\u2022 Regelm\u00e4ssige Besuche<br \/>\n\u2022 Zeit f\u00fcr ein Gespr\u00e4ch<br \/>\n\u2022 Zeit f\u00fcr Spiel und Spass<br \/>\n<\/span><span class=\"cf1 ff1 fs18\">\u2022 Begleitung bei Ausfl\u00fcgen<br \/>\n<\/span><span class=\"cf1 ff1 fs18\">\u2022 Begleitung auf einen Spaziergang mit oder ohne Rollstuhl<br \/>\n\u2022 Mithilfe bei Tagesaktivit\u00e4ten<br \/>\n<\/span><span class=\"cf0 ff1 fs18\"><br \/>\nDas sind nur einige wichtige Aufgaben, welche Sie als freiwillige Helfer \u00fcbernehmen k\u00f6nnen.<\/span><\/h3>\n<h3>F\u00fchlen Sie sich angesprochen? Dann freuen wir uns auf einen ersten Kontakt mit Ihnen. Bitte melden Sie sich bei der Heimleitung<\/h3>\n<p>[\/vc_column_text][\/vc_column][\/vc_row][vc_row css_animation=&#8220;&#8220; row_type=&#8220;row&#8220; use_row_as_full_screen_section=&#8220;no&#8220; type=&#8220;grid&#8220; angled_section=&#8220;no&#8220; text_align=&#8220;left&#8220; background_image_as_pattern=&#8220;without_pattern&#8220;][vc_column width=&#8220;1\/2&#8243;][\/vc_column][vc_column width=&#8220;1\/2&#8243;][\/vc_column][\/vc_row][vc_row css_animation=&#8220;&#8220; row_type=&#8220;row&#8220; use_row_as_full_screen_section=&#8220;no&#8220; type=&#8220;full_width&#8220; angled_section=&#8220;no&#8220; text_align=&#8220;left&#8220; background_image_as_pattern=&#8220;without_pattern&#8220;][vc_column][vc_separator type=&#8220;transparent&#8220;][vc_separator type=&#8220;transparent&#8220; down=&#8220;60&#8243;][\/vc_column][\/vc_row]<\/p>\n<\/div>","protected":false},"excerpt":{"rendered":"<p>[vc_row css_animation=&#8220;&#8220; row_type=&#8220;row&#8220; use_row_as_full_screen_section=&#8220;no&#8220; type=&#8220;full_width&#8220; angled_section=&#8220;no&#8220; text_align=&#8220;left&#8220; background_image_as_pattern=&#8220;without_pattern&#8220; css=&#8220;.vc_custom_1570315290142{padding-top: 400px !important;padding-bottom: 400px !important;background-image: url(https:\/\/prosslinerstiftung.it\/wp-content\/uploads\/2019\/10\/019-2-2.jpg?id=17832) !important;}&#8220;][vc_column][\/vc_column][\/vc_row][vc_row css_animation=&#8220;&#8220; row_type=&#8220;row&#8220; use_row_as_full_screen_section=&#8220;no&#8220; type=&#8220;full_width&#8220; angled_section=&#8220;no&#8220; text_align=&#8220;left&#8220; background_image_as_pattern=&#8220;without_pattern&#8220; css=&#8220;.vc_custom_1570315549092{margin-top: -30px !important;}&#8220;][vc_column][vc_separator type=&#8220;transparent&#8220; down=&#8220;60&#8243;][\/vc_column][\/vc_row][vc_row css_animation=&#8220;&#8220; row_type=&#8220;row&#8220; use_row_as_full_screen_section=&#8220;no&#8220; type=&#8220;grid&#8220; angled_section=&#8220;no&#8220; text_align=&#8220;left&#8220; background_image_as_pattern=&#8220;without_pattern&#8220;][vc_column][vc_column_text] Freiwilligenarbeit [\/vc_column_text][vc_separator type=&#8220;normal&#8220;][vc_separator type=&#8220;transparent&#8220;][vc_column_text] &#8222;Das Kostbarste, was ich schenken kann, ist&#8230;<\/p>\n","protected":false},"author":3,"featured_media":0,"parent":0,"menu_order":7,"comment_status":"closed","ping_status":"closed","template":"full_width.php","meta":{"_acf_changed":false,"footnotes":""},"class_list":["post-17012","page","type-page","status-publish","hentry"],"acf":[],"yoast_head":"<!-- This site is optimized with the Yoast SEO plugin v24.4 - https:\/\/yoast.com\/wordpress\/plugins\/seo\/ -->\n<title>Freiwilligenarbeit - Robert Prossliner Stiftung<\/title>\n<meta name=\"robots\" content=\"index, follow, max-snippet:-1, max-image-preview:large, max-video-preview:-1\" \/>\n<link rel=\"canonical\" href=\"https:\/\/prosslinerstiftung.it\/de\/freiwilligenarbeit\/\" \/>\n<meta property=\"og:locale\" content=\"de_DE\" \/>\n<meta property=\"og:type\" content=\"article\" \/>\n<meta property=\"og:title\" content=\"Freiwilligenarbeit - Robert Prossliner Stiftung\" \/>\n<meta property=\"og:description\" content=\"[vc_row css_animation=&#8220;&#8220; row_type=&#8220;row&#8220; use_row_as_full_screen_section=&#8220;no&#8220; type=&#8220;full_width&#8220; angled_section=&#8220;no&#8220; text_align=&#8220;left&#8220; background_image_as_pattern=&#8220;without_pattern&#8220; css=&#8220;.vc_custom_1570315290142{padding-top: 400px !important;padding-bottom: 400px !important;background-image: url(https:\/\/prosslinerstiftung.it\/wp-content\/uploads\/2019\/10\/019-2-2.jpg?id=17832) !important;}&#8220;][vc_column][\/vc_column][\/vc_row][vc_row css_animation=&#8220;&#8220; row_type=&#8220;row&#8220; use_row_as_full_screen_section=&#8220;no&#8220; type=&#8220;full_width&#8220; angled_section=&#8220;no&#8220; text_align=&#8220;left&#8220; background_image_as_pattern=&#8220;without_pattern&#8220; css=&#8220;.vc_custom_1570315549092{margin-top: -30px !important;}&#8220;][vc_column][vc_separator type=&#8220;transparent&#8220; down=&#8220;60&#8243;][\/vc_column][\/vc_row][vc_row css_animation=&#8220;&#8220; row_type=&#8220;row&#8220; use_row_as_full_screen_section=&#8220;no&#8220; type=&#8220;grid&#8220; angled_section=&#8220;no&#8220; text_align=&#8220;left&#8220; background_image_as_pattern=&#8220;without_pattern&#8220;][vc_column][vc_column_text] Freiwilligenarbeit [\/vc_column_text][vc_separator type=&#8220;normal&#8220;][vc_separator type=&#8220;transparent&#8220;][vc_column_text] &#8222;Das Kostbarste, was ich schenken kann, ist...\" \/>\n<meta property=\"og:url\" content=\"https:\/\/prosslinerstiftung.it\/de\/freiwilligenarbeit\/\" \/>\n<meta property=\"og:site_name\" content=\"Robert Prossliner Stiftung\" \/>\n<meta property=\"article:modified_time\" content=\"2025-02-13T11:32:16+00:00\" \/>\n<meta name=\"twitter:card\" content=\"summary_large_image\" \/>\n<meta name=\"twitter:label1\" content=\"Gesch\u00e4tzte Lesezeit\" \/>\n\t<meta name=\"twitter:data1\" content=\"2\u00a0Minuten\" \/>\n<script type=\"application\/ld+json\" class=\"yoast-schema-graph\">{\"@context\":\"https:\/\/schema.org\",\"@graph\":[{\"@type\":\"WebPage\",\"@id\":\"https:\/\/prosslinerstiftung.it\/de\/freiwilligenarbeit\/\",\"url\":\"https:\/\/prosslinerstiftung.it\/de\/freiwilligenarbeit\/\",\"name\":\"Freiwilligenarbeit - Robert Prossliner Stiftung\",\"isPartOf\":{\"@id\":\"https:\/\/prosslinerstiftung.it\/de\/#website\"},\"datePublished\":\"2019-06-11T08:24:44+00:00\",\"dateModified\":\"2025-02-13T11:32:16+00:00\",\"breadcrumb\":{\"@id\":\"https:\/\/prosslinerstiftung.it\/de\/freiwilligenarbeit\/#breadcrumb\"},\"inLanguage\":\"de\",\"potentialAction\":[{\"@type\":\"ReadAction\",\"target\":[\"https:\/\/prosslinerstiftung.it\/de\/freiwilligenarbeit\/\"]}]},{\"@type\":\"BreadcrumbList\",\"@id\":\"https:\/\/prosslinerstiftung.it\/de\/freiwilligenarbeit\/#breadcrumb\",\"itemListElement\":[{\"@type\":\"ListItem\",\"position\":1,\"name\":\"Home\",\"item\":\"https:\/\/prosslinerstiftung.it\/de\/\"},{\"@type\":\"ListItem\",\"position\":2,\"name\":\"Freiwilligenarbeit\"}]},{\"@type\":\"WebSite\",\"@id\":\"https:\/\/prosslinerstiftung.it\/de\/#website\",\"url\":\"https:\/\/prosslinerstiftung.it\/de\/\",\"name\":\"Robert Prossliner Stiftung\",\"description\":\"Casa di Riposo - Ora\",\"publisher\":{\"@id\":\"https:\/\/prosslinerstiftung.it\/de\/#organization\"},\"potentialAction\":[{\"@type\":\"SearchAction\",\"target\":{\"@type\":\"EntryPoint\",\"urlTemplate\":\"https:\/\/prosslinerstiftung.it\/de\/?s={search_term_string}\"},\"query-input\":{\"@type\":\"PropertyValueSpecification\",\"valueRequired\":true,\"valueName\":\"search_term_string\"}}],\"inLanguage\":\"de\"},{\"@type\":\"Organization\",\"@id\":\"https:\/\/prosslinerstiftung.it\/de\/#organization\",\"name\":\"Robert Prossliner Stiftung\",\"url\":\"https:\/\/prosslinerstiftung.it\/de\/\",\"logo\":{\"@type\":\"ImageObject\",\"inLanguage\":\"de\",\"@id\":\"https:\/\/prosslinerstiftung.it\/de\/#\/schema\/logo\/image\/\",\"url\":\"\",\"contentUrl\":\"\",\"caption\":\"Robert Prossliner Stiftung\"},\"image\":{\"@id\":\"https:\/\/prosslinerstiftung.it\/de\/#\/schema\/logo\/image\/\"}}]}<\/script>\n<!-- \/ Yoast SEO plugin. -->","yoast_head_json":{"title":"Freiwilligenarbeit - Robert Prossliner Stiftung","robots":{"index":"index","follow":"follow","max-snippet":"max-snippet:-1","max-image-preview":"max-image-preview:large","max-video-preview":"max-video-preview:-1"},"canonical":"https:\/\/prosslinerstiftung.it\/de\/freiwilligenarbeit\/","og_locale":"de_DE","og_type":"article","og_title":"Freiwilligenarbeit - Robert Prossliner Stiftung","og_description":"[vc_row css_animation=&#8220;&#8220; row_type=&#8220;row&#8220; use_row_as_full_screen_section=&#8220;no&#8220; type=&#8220;full_width&#8220; angled_section=&#8220;no&#8220; text_align=&#8220;left&#8220; background_image_as_pattern=&#8220;without_pattern&#8220; css=&#8220;.vc_custom_1570315290142{padding-top: 400px !important;padding-bottom: 400px !important;background-image: url(https:\/\/prosslinerstiftung.it\/wp-content\/uploads\/2019\/10\/019-2-2.jpg?id=17832) !important;}&#8220;][vc_column][\/vc_column][\/vc_row][vc_row css_animation=&#8220;&#8220; row_type=&#8220;row&#8220; use_row_as_full_screen_section=&#8220;no&#8220; type=&#8220;full_width&#8220; angled_section=&#8220;no&#8220; text_align=&#8220;left&#8220; background_image_as_pattern=&#8220;without_pattern&#8220; css=&#8220;.vc_custom_1570315549092{margin-top: -30px !important;}&#8220;][vc_column][vc_separator type=&#8220;transparent&#8220; down=&#8220;60&#8243;][\/vc_column][\/vc_row][vc_row css_animation=&#8220;&#8220; row_type=&#8220;row&#8220; use_row_as_full_screen_section=&#8220;no&#8220; type=&#8220;grid&#8220; angled_section=&#8220;no&#8220; text_align=&#8220;left&#8220; background_image_as_pattern=&#8220;without_pattern&#8220;][vc_column][vc_column_text] Freiwilligenarbeit [\/vc_column_text][vc_separator type=&#8220;normal&#8220;][vc_separator type=&#8220;transparent&#8220;][vc_column_text] &#8222;Das Kostbarste, was ich schenken kann, ist...","og_url":"https:\/\/prosslinerstiftung.it\/de\/freiwilligenarbeit\/","og_site_name":"Robert Prossliner Stiftung","article_modified_time":"2025-02-13T11:32:16+00:00","twitter_card":"summary_large_image","twitter_misc":{"Gesch\u00e4tzte Lesezeit":"2\u00a0Minuten"},"schema":{"@context":"https:\/\/schema.org","@graph":[{"@type":"WebPage","@id":"https:\/\/prosslinerstiftung.it\/de\/freiwilligenarbeit\/","url":"https:\/\/prosslinerstiftung.it\/de\/freiwilligenarbeit\/","name":"Freiwilligenarbeit - Robert Prossliner Stiftung","isPartOf":{"@id":"https:\/\/prosslinerstiftung.it\/de\/#website"},"datePublished":"2019-06-11T08:24:44+00:00","dateModified":"2025-02-13T11:32:16+00:00","breadcrumb":{"@id":"https:\/\/prosslinerstiftung.it\/de\/freiwilligenarbeit\/#breadcrumb"},"inLanguage":"de","potentialAction":[{"@type":"ReadAction","target":["https:\/\/prosslinerstiftung.it\/de\/freiwilligenarbeit\/"]}]},{"@type":"BreadcrumbList","@id":"https:\/\/prosslinerstiftung.it\/de\/freiwilligenarbeit\/#breadcrumb","itemListElement":[{"@type":"ListItem","position":1,"name":"Home","item":"https:\/\/prosslinerstiftung.it\/de\/"},{"@type":"ListItem","position":2,"name":"Freiwilligenarbeit"}]},{"@type":"WebSite","@id":"https:\/\/prosslinerstiftung.it\/de\/#website","url":"https:\/\/prosslinerstiftung.it\/de\/","name":"Robert Prossliner Stiftung","description":"Casa di Riposo - Ora","publisher":{"@id":"https:\/\/prosslinerstiftung.it\/de\/#organization"},"potentialAction":[{"@type":"SearchAction","target":{"@type":"EntryPoint","urlTemplate":"https:\/\/prosslinerstiftung.it\/de\/?s={search_term_string}"},"query-input":{"@type":"PropertyValueSpecification","valueRequired":true,"valueName":"search_term_string"}}],"inLanguage":"de"},{"@type":"Organization","@id":"https:\/\/prosslinerstiftung.it\/de\/#organization","name":"Robert Prossliner Stiftung","url":"https:\/\/prosslinerstiftung.it\/de\/","logo":{"@type":"ImageObject","inLanguage":"de","@id":"https:\/\/prosslinerstiftung.it\/de\/#\/schema\/logo\/image\/","url":"","contentUrl":"","caption":"Robert Prossliner Stiftung"},"image":{"@id":"https:\/\/prosslinerstiftung.it\/de\/#\/schema\/logo\/image\/"}}]}},"_links":{"self":[{"href":"https:\/\/prosslinerstiftung.it\/de\/wp-json\/wp\/v2\/pages\/17012","targetHints":{"allow":["GET"]}}],"collection":[{"href":"https:\/\/prosslinerstiftung.it\/de\/wp-json\/wp\/v2\/pages"}],"about":[{"href":"https:\/\/prosslinerstiftung.it\/de\/wp-json\/wp\/v2\/types\/page"}],"author":[{"embeddable":true,"href":"https:\/\/prosslinerstiftung.it\/de\/wp-json\/wp\/v2\/users\/3"}],"replies":[{"embeddable":true,"href":"https:\/\/prosslinerstiftung.it\/de\/wp-json\/wp\/v2\/comments?post=17012"}],"version-history":[{"count":1,"href":"https:\/\/prosslinerstiftung.it\/de\/wp-json\/wp\/v2\/pages\/17012\/revisions"}],"predecessor-version":[{"id":19025,"href":"https:\/\/prosslinerstiftung.it\/de\/wp-json\/wp\/v2\/pages\/17012\/revisions\/19025"}],"wp:attachment":[{"href":"https:\/\/prosslinerstiftung.it\/de\/wp-json\/wp\/v2\/media?parent=17012"}],"curies":[{"name":"wp","href":"https:\/\/api.w.org\/{rel}","templated":true}]}}