{"id":16990,"date":"2019-06-11T07:54:47","date_gmt":"2019-06-11T07:54:47","guid":{"rendered":"https:\/\/prosslinerstiftung.it\/?page_id=16990\/"},"modified":"2025-02-14T10:13:11","modified_gmt":"2025-02-14T10:13:11","slug":"leitbild","status":"publish","type":"page","link":"https:\/\/prosslinerstiftung.it\/de\/leitbild\/","title":{"rendered":"Leitbild"},"content":{"rendered":"<div class=\"wpb-content-wrapper\"><p>[vc_row css_animation=&#8220;&#8220; row_type=&#8220;row&#8220; use_row_as_full_screen_section=&#8220;no&#8220; type=&#8220;full_width&#8220; angled_section=&#8220;no&#8220; text_align=&#8220;left&#8220; background_image_as_pattern=&#8220;without_pattern&#8220; css=&#8220;.vc_custom_1570215221867{padding-top: 400px !important;padding-bottom: 400px !important;background-image: url(https:\/\/prosslinerstiftung.it\/wp-content\/uploads\/2019\/10\/Leitbild.jpg?id=17759) !important;}&#8220;][vc_column][\/vc_column][\/vc_row][vc_row css_animation=&#8220;&#8220; row_type=&#8220;row&#8220; use_row_as_full_screen_section=&#8220;no&#8220; type=&#8220;grid&#8220; angled_section=&#8220;no&#8220; text_align=&#8220;left&#8220; background_image_as_pattern=&#8220;without_pattern&#8220; css=&#8220;.vc_custom_1560254234350{margin-top: 50px !important;margin-bottom: 50px !important;}&#8220;][vc_column][vc_column_text]<\/p>\n<h4 style=\"text-align: center;\">Ein Heim zum Leben.<\/h4>\n<p>[\/vc_column_text][vc_separator type=&#8220;normal&#8220;][vc_column_text css=&#8220;.vc_custom_1564754115361{margin-top: 20px !important;}&#8220;]<\/p>\n<h3>Das Altenheim Auer ist eine private Stiftung ohne Gewinnstreben, die auf die Schenkung des Herrn Robert Prossliner zur\u00fcckgeht. Unsere Aufgabe ist es, \u00e4ltere, hilfs- und pflegebed\u00fcrftige Menschen entsprechend ihren F\u00e4higkeiten zu betreuen und zu pflegen. Unser Haus soll ein Ort sein, an dem sich Heimbewohner\/-innen wohl f\u00fchlen. Wir stellen die Zufriedenheit unserer Kunden in den Vordergrund unserer Bem\u00fchungen. Wir halten uns an die rechtlichen Normen und setzen diese in jedem Bereich um. Wir halten die Vereinbarungen mit allen unseren Partnern ein und sehen diese als wichtige St\u00fctzen f\u00fcr unsere Qualit\u00e4tspolitik. Wir sehen unser Heim als offene und lernende Organisation. Unser Ziel ist es, unseren Heimbewohner\/innen ein selbstbestimmtes Leben zu erm\u00f6glichen; bis hin zu einem w\u00fcrdevollen Sterben.<\/h3>\n<p>[\/vc_column_text][\/vc_column][\/vc_row]<\/p>\n<\/div>","protected":false},"excerpt":{"rendered":"<p>[vc_row css_animation=&#8220;&#8220; row_type=&#8220;row&#8220; use_row_as_full_screen_section=&#8220;no&#8220; type=&#8220;full_width&#8220; angled_section=&#8220;no&#8220; text_align=&#8220;left&#8220; background_image_as_pattern=&#8220;without_pattern&#8220; css=&#8220;.vc_custom_1570215221867{padding-top: 400px !important;padding-bottom: 400px !important;background-image: url(https:\/\/prosslinerstiftung.it\/wp-content\/uploads\/2019\/10\/Leitbild.jpg?id=17759) !important;}&#8220;][vc_column][\/vc_column][\/vc_row][vc_row css_animation=&#8220;&#8220; row_type=&#8220;row&#8220; use_row_as_full_screen_section=&#8220;no&#8220; type=&#8220;grid&#8220; angled_section=&#8220;no&#8220; text_align=&#8220;left&#8220; background_image_as_pattern=&#8220;without_pattern&#8220; css=&#8220;.vc_custom_1560254234350{margin-top: 50px !important;margin-bottom: 50px !important;}&#8220;][vc_column][vc_column_text] Ein Heim zum Leben. [\/vc_column_text][vc_separator type=&#8220;normal&#8220;][vc_column_text css=&#8220;.vc_custom_1564754115361{margin-top: 20px !important;}&#8220;] Das Altenheim Auer ist eine private Stiftung ohne Gewinnstreben,&#8230;<\/p>\n","protected":false},"author":3,"featured_media":0,"parent":0,"menu_order":4,"comment_status":"closed","ping_status":"closed","template":"full_width.php","meta":{"_acf_changed":false,"footnotes":""},"class_list":["post-16990","page","type-page","status-publish","hentry"],"acf":[],"yoast_head":"<!-- This site is optimized with the Yoast SEO plugin v24.4 - https:\/\/yoast.com\/wordpress\/plugins\/seo\/ -->\n<title>Leitbild - Robert Prossliner Stiftung<\/title>\n<meta name=\"robots\" content=\"index, follow, max-snippet:-1, max-image-preview:large, max-video-preview:-1\" \/>\n<link rel=\"canonical\" href=\"https:\/\/prosslinerstiftung.it\/de\/leitbild\/\" \/>\n<meta property=\"og:locale\" content=\"de_DE\" \/>\n<meta property=\"og:type\" content=\"article\" \/>\n<meta property=\"og:title\" content=\"Leitbild - Robert Prossliner Stiftung\" \/>\n<meta property=\"og:description\" content=\"[vc_row css_animation=&#8220;&#8220; row_type=&#8220;row&#8220; use_row_as_full_screen_section=&#8220;no&#8220; type=&#8220;full_width&#8220; angled_section=&#8220;no&#8220; text_align=&#8220;left&#8220; background_image_as_pattern=&#8220;without_pattern&#8220; css=&#8220;.vc_custom_1570215221867{padding-top: 400px !important;padding-bottom: 400px !important;background-image: url(https:\/\/prosslinerstiftung.it\/wp-content\/uploads\/2019\/10\/Leitbild.jpg?id=17759) !important;}&#8220;][vc_column][\/vc_column][\/vc_row][vc_row css_animation=&#8220;&#8220; row_type=&#8220;row&#8220; use_row_as_full_screen_section=&#8220;no&#8220; type=&#8220;grid&#8220; angled_section=&#8220;no&#8220; text_align=&#8220;left&#8220; background_image_as_pattern=&#8220;without_pattern&#8220; css=&#8220;.vc_custom_1560254234350{margin-top: 50px !important;margin-bottom: 50px !important;}&#8220;][vc_column][vc_column_text] Ein Heim zum Leben. [\/vc_column_text][vc_separator type=&#8220;normal&#8220;][vc_column_text css=&#8220;.vc_custom_1564754115361{margin-top: 20px !important;}&#8220;] Das Altenheim Auer ist eine private Stiftung ohne Gewinnstreben,...\" \/>\n<meta property=\"og:url\" content=\"https:\/\/prosslinerstiftung.it\/de\/leitbild\/\" \/>\n<meta property=\"og:site_name\" content=\"Robert Prossliner Stiftung\" \/>\n<meta property=\"article:modified_time\" content=\"2025-02-14T10:13:11+00:00\" \/>\n<meta name=\"twitter:card\" content=\"summary_large_image\" \/>\n<meta name=\"twitter:label1\" content=\"Gesch\u00e4tzte Lesezeit\" \/>\n\t<meta name=\"twitter:data1\" content=\"1\u00a0Minute\" \/>\n<script type=\"application\/ld+json\" class=\"yoast-schema-graph\">{\"@context\":\"https:\/\/schema.org\",\"@graph\":[{\"@type\":\"WebPage\",\"@id\":\"https:\/\/prosslinerstiftung.it\/de\/leitbild\/\",\"url\":\"https:\/\/prosslinerstiftung.it\/de\/leitbild\/\",\"name\":\"Leitbild - Robert Prossliner Stiftung\",\"isPartOf\":{\"@id\":\"https:\/\/prosslinerstiftung.it\/de\/#website\"},\"datePublished\":\"2019-06-11T07:54:47+00:00\",\"dateModified\":\"2025-02-14T10:13:11+00:00\",\"breadcrumb\":{\"@id\":\"https:\/\/prosslinerstiftung.it\/de\/leitbild\/#breadcrumb\"},\"inLanguage\":\"de\",\"potentialAction\":[{\"@type\":\"ReadAction\",\"target\":[\"https:\/\/prosslinerstiftung.it\/de\/leitbild\/\"]}]},{\"@type\":\"BreadcrumbList\",\"@id\":\"https:\/\/prosslinerstiftung.it\/de\/leitbild\/#breadcrumb\",\"itemListElement\":[{\"@type\":\"ListItem\",\"position\":1,\"name\":\"Home\",\"item\":\"https:\/\/prosslinerstiftung.it\/de\/\"},{\"@type\":\"ListItem\",\"position\":2,\"name\":\"Leitbild\"}]},{\"@type\":\"WebSite\",\"@id\":\"https:\/\/prosslinerstiftung.it\/de\/#website\",\"url\":\"https:\/\/prosslinerstiftung.it\/de\/\",\"name\":\"Robert Prossliner Stiftung\",\"description\":\"Casa di Riposo - Ora\",\"publisher\":{\"@id\":\"https:\/\/prosslinerstiftung.it\/de\/#organization\"},\"potentialAction\":[{\"@type\":\"SearchAction\",\"target\":{\"@type\":\"EntryPoint\",\"urlTemplate\":\"https:\/\/prosslinerstiftung.it\/de\/?s={search_term_string}\"},\"query-input\":{\"@type\":\"PropertyValueSpecification\",\"valueRequired\":true,\"valueName\":\"search_term_string\"}}],\"inLanguage\":\"de\"},{\"@type\":\"Organization\",\"@id\":\"https:\/\/prosslinerstiftung.it\/de\/#organization\",\"name\":\"Robert Prossliner Stiftung\",\"url\":\"https:\/\/prosslinerstiftung.it\/de\/\",\"logo\":{\"@type\":\"ImageObject\",\"inLanguage\":\"de\",\"@id\":\"https:\/\/prosslinerstiftung.it\/de\/#\/schema\/logo\/image\/\",\"url\":\"\",\"contentUrl\":\"\",\"caption\":\"Robert Prossliner Stiftung\"},\"image\":{\"@id\":\"https:\/\/prosslinerstiftung.it\/de\/#\/schema\/logo\/image\/\"}}]}<\/script>\n<!-- \/ Yoast SEO plugin. -->","yoast_head_json":{"title":"Leitbild - Robert Prossliner Stiftung","robots":{"index":"index","follow":"follow","max-snippet":"max-snippet:-1","max-image-preview":"max-image-preview:large","max-video-preview":"max-video-preview:-1"},"canonical":"https:\/\/prosslinerstiftung.it\/de\/leitbild\/","og_locale":"de_DE","og_type":"article","og_title":"Leitbild - Robert Prossliner Stiftung","og_description":"[vc_row css_animation=&#8220;&#8220; row_type=&#8220;row&#8220; use_row_as_full_screen_section=&#8220;no&#8220; type=&#8220;full_width&#8220; angled_section=&#8220;no&#8220; text_align=&#8220;left&#8220; background_image_as_pattern=&#8220;without_pattern&#8220; css=&#8220;.vc_custom_1570215221867{padding-top: 400px !important;padding-bottom: 400px !important;background-image: url(https:\/\/prosslinerstiftung.it\/wp-content\/uploads\/2019\/10\/Leitbild.jpg?id=17759) !important;}&#8220;][vc_column][\/vc_column][\/vc_row][vc_row css_animation=&#8220;&#8220; row_type=&#8220;row&#8220; use_row_as_full_screen_section=&#8220;no&#8220; type=&#8220;grid&#8220; angled_section=&#8220;no&#8220; text_align=&#8220;left&#8220; background_image_as_pattern=&#8220;without_pattern&#8220; css=&#8220;.vc_custom_1560254234350{margin-top: 50px !important;margin-bottom: 50px !important;}&#8220;][vc_column][vc_column_text] Ein Heim zum Leben. [\/vc_column_text][vc_separator type=&#8220;normal&#8220;][vc_column_text css=&#8220;.vc_custom_1564754115361{margin-top: 20px !important;}&#8220;] Das Altenheim Auer ist eine private Stiftung ohne Gewinnstreben,...","og_url":"https:\/\/prosslinerstiftung.it\/de\/leitbild\/","og_site_name":"Robert Prossliner Stiftung","article_modified_time":"2025-02-14T10:13:11+00:00","twitter_card":"summary_large_image","twitter_misc":{"Gesch\u00e4tzte Lesezeit":"1\u00a0Minute"},"schema":{"@context":"https:\/\/schema.org","@graph":[{"@type":"WebPage","@id":"https:\/\/prosslinerstiftung.it\/de\/leitbild\/","url":"https:\/\/prosslinerstiftung.it\/de\/leitbild\/","name":"Leitbild - Robert Prossliner Stiftung","isPartOf":{"@id":"https:\/\/prosslinerstiftung.it\/de\/#website"},"datePublished":"2019-06-11T07:54:47+00:00","dateModified":"2025-02-14T10:13:11+00:00","breadcrumb":{"@id":"https:\/\/prosslinerstiftung.it\/de\/leitbild\/#breadcrumb"},"inLanguage":"de","potentialAction":[{"@type":"ReadAction","target":["https:\/\/prosslinerstiftung.it\/de\/leitbild\/"]}]},{"@type":"BreadcrumbList","@id":"https:\/\/prosslinerstiftung.it\/de\/leitbild\/#breadcrumb","itemListElement":[{"@type":"ListItem","position":1,"name":"Home","item":"https:\/\/prosslinerstiftung.it\/de\/"},{"@type":"ListItem","position":2,"name":"Leitbild"}]},{"@type":"WebSite","@id":"https:\/\/prosslinerstiftung.it\/de\/#website","url":"https:\/\/prosslinerstiftung.it\/de\/","name":"Robert Prossliner Stiftung","description":"Casa di Riposo - Ora","publisher":{"@id":"https:\/\/prosslinerstiftung.it\/de\/#organization"},"potentialAction":[{"@type":"SearchAction","target":{"@type":"EntryPoint","urlTemplate":"https:\/\/prosslinerstiftung.it\/de\/?s={search_term_string}"},"query-input":{"@type":"PropertyValueSpecification","valueRequired":true,"valueName":"search_term_string"}}],"inLanguage":"de"},{"@type":"Organization","@id":"https:\/\/prosslinerstiftung.it\/de\/#organization","name":"Robert Prossliner Stiftung","url":"https:\/\/prosslinerstiftung.it\/de\/","logo":{"@type":"ImageObject","inLanguage":"de","@id":"https:\/\/prosslinerstiftung.it\/de\/#\/schema\/logo\/image\/","url":"","contentUrl":"","caption":"Robert Prossliner Stiftung"},"image":{"@id":"https:\/\/prosslinerstiftung.it\/de\/#\/schema\/logo\/image\/"}}]}},"_links":{"self":[{"href":"https:\/\/prosslinerstiftung.it\/de\/wp-json\/wp\/v2\/pages\/16990","targetHints":{"allow":["GET"]}}],"collection":[{"href":"https:\/\/prosslinerstiftung.it\/de\/wp-json\/wp\/v2\/pages"}],"about":[{"href":"https:\/\/prosslinerstiftung.it\/de\/wp-json\/wp\/v2\/types\/page"}],"author":[{"embeddable":true,"href":"https:\/\/prosslinerstiftung.it\/de\/wp-json\/wp\/v2\/users\/3"}],"replies":[{"embeddable":true,"href":"https:\/\/prosslinerstiftung.it\/de\/wp-json\/wp\/v2\/comments?post=16990"}],"version-history":[{"count":2,"href":"https:\/\/prosslinerstiftung.it\/de\/wp-json\/wp\/v2\/pages\/16990\/revisions"}],"predecessor-version":[{"id":19326,"href":"https:\/\/prosslinerstiftung.it\/de\/wp-json\/wp\/v2\/pages\/16990\/revisions\/19326"}],"wp:attachment":[{"href":"https:\/\/prosslinerstiftung.it\/de\/wp-json\/wp\/v2\/media?parent=16990"}],"curies":[{"name":"wp","href":"https:\/\/api.w.org\/{rel}","templated":true}]}}