{"id":16985,"date":"2019-06-11T07:52:25","date_gmt":"2019-06-11T07:52:25","guid":{"rendered":"https:\/\/prosslinerstiftung.it\/?page_id=16985\/"},"modified":"2025-02-13T11:29:20","modified_gmt":"2025-02-13T11:29:20","slug":"interne-organisation","status":"publish","type":"page","link":"https:\/\/prosslinerstiftung.it\/de\/interne-organisation\/","title":{"rendered":"Interne Organisation"},"content":{"rendered":"<div class=\"wpb-content-wrapper\"><p>[vc_row css_animation=&#8220;&#8220; row_type=&#8220;row&#8220; use_row_as_full_screen_section=&#8220;no&#8220; type=&#8220;grid&#8220; angled_section=&#8220;no&#8220; text_align=&#8220;left&#8220; background_image_as_pattern=&#8220;without_pattern&#8220; css=&#8220;.vc_custom_1570217374348{padding-top: 400px !important;padding-bottom: 400px !important;background-image: url(https:\/\/prosslinerstiftung.it\/wp-content\/uploads\/2019\/10\/organigramm-1.jpg?id=17776) !important;}&#8220;][vc_column][\/vc_column][\/vc_row][vc_row css_animation=&#8220;&#8220; row_type=&#8220;row&#8220; use_row_as_full_screen_section=&#8220;no&#8220; type=&#8220;full_width&#8220; angled_section=&#8220;no&#8220; text_align=&#8220;left&#8220; background_image_as_pattern=&#8220;without_pattern&#8220;][vc_column][vc_empty_space][\/vc_column][\/vc_row][vc_row css_animation=&#8220;&#8220; row_type=&#8220;row&#8220; use_row_as_full_screen_section=&#8220;no&#8220; type=&#8220;full_width&#8220; angled_section=&#8220;no&#8220; text_align=&#8220;left&#8220; background_image_as_pattern=&#8220;without_pattern&#8220;][vc_column width=&#8220;1\/6&#8243;][\/vc_column][vc_column width=&#8220;2\/3&#8243;][\/vc_column][vc_column width=&#8220;1\/6&#8243;][\/vc_column][\/vc_row][vc_row css_animation=&#8220;&#8220; row_type=&#8220;row&#8220; use_row_as_full_screen_section=&#8220;no&#8220; type=&#8220;full_width&#8220; angled_section=&#8220;no&#8220; text_align=&#8220;left&#8220; background_image_as_pattern=&#8220;without_pattern&#8220;][vc_column width=&#8220;1\/6&#8243;][\/vc_column][vc_column width=&#8220;2\/3&#8243;][vc_column_text css=&#8220;.vc_custom_1565295902319{margin-top: 30px !important;margin-bottom: 50px !important;}&#8220;]<\/p>\n<h3><span style=\"color: #ff9900;\">Das Seniorenwohnheim Auer wird von der Robert Prossliner Stiftung gef\u00fchrt. Die Robert Prossliner Stiftung ist eine private Stiftung. Das beschlie\u00dfende Organ ist der Stiftungsrat. Der gesetzliche Vertreter ist der Pr\u00e4sident der Stiftung.<\/span><\/h3>\n<p>&nbsp;<\/p>\n<h3>Das Heim wird unter Einhaltung der geltenden Bestimmungen und Vertr\u00e4ge und im Sinne der eigenen Satzung organisiert und gef\u00fchrt. Die vorgesehenen Aufgaben werden unter Beachtung der grundlegenden Prinzipien der Altenbetreuung wahrgenommen. Die Aufbauorganisation der Robert Prossliner Stiftung wird f\u00fcr eine bessere Veranschaulichung im Organigramm graphisch dargestellt.<\/h3>\n<p>[\/vc_column_text][\/vc_column][vc_column width=&#8220;1\/6&#8243;][\/vc_column][\/vc_row][vc_row css_animation=&#8220;&#8220; row_type=&#8220;row&#8220; use_row_as_full_screen_section=&#8220;no&#8220; type=&#8220;full_width&#8220; angled_section=&#8220;no&#8220; text_align=&#8220;left&#8220; background_image_as_pattern=&#8220;without_pattern&#8220;][vc_column width=&#8220;1\/3&#8243;][\/vc_column][vc_column width=&#8220;1\/3&#8243;][vc_column_text]<\/p>\n<h4 style=\"text-align: center;\">Organigramm<\/h4>\n<p>[\/vc_column_text][vc_separator type=&#8220;normal&#8220;][vc_single_image image=&#8220;17338&#8243; alignment=&#8220;center&#8220; onclick=&#8220;custom_link&#8220; img_link_target=&#8220;_blank&#8220; qode_css_animation=&#8220;&#8220; link=&#8220;https:\/\/prosslinerstiftung.it\/wp-content\/uploads\/2022\/02\/2.7-Organigramm_de-14.02.2022-Rev.3.pdf&#8220; css=&#8220;.vc_custom_1645170231443{margin-top: 20px !important;margin-bottom: 20px !important;}&#8220;][vc_separator type=&#8220;transparent&#8220;][\/vc_column][vc_column width=&#8220;1\/3&#8243;][\/vc_column][\/vc_row]<\/p>\n<\/div>","protected":false},"excerpt":{"rendered":"<p>[vc_row css_animation=&#8220;&#8220; row_type=&#8220;row&#8220; use_row_as_full_screen_section=&#8220;no&#8220; type=&#8220;grid&#8220; angled_section=&#8220;no&#8220; text_align=&#8220;left&#8220; background_image_as_pattern=&#8220;without_pattern&#8220; css=&#8220;.vc_custom_1570217374348{padding-top: 400px !important;padding-bottom: 400px !important;background-image: url(https:\/\/prosslinerstiftung.it\/wp-content\/uploads\/2019\/10\/organigramm-1.jpg?id=17776) !important;}&#8220;][vc_column][\/vc_column][\/vc_row][vc_row css_animation=&#8220;&#8220; row_type=&#8220;row&#8220; use_row_as_full_screen_section=&#8220;no&#8220; type=&#8220;full_width&#8220; angled_section=&#8220;no&#8220; text_align=&#8220;left&#8220; background_image_as_pattern=&#8220;without_pattern&#8220;][vc_column][vc_empty_space][\/vc_column][\/vc_row][vc_row css_animation=&#8220;&#8220; row_type=&#8220;row&#8220; use_row_as_full_screen_section=&#8220;no&#8220; type=&#8220;full_width&#8220; angled_section=&#8220;no&#8220; text_align=&#8220;left&#8220; background_image_as_pattern=&#8220;without_pattern&#8220;][vc_column width=&#8220;1\/6&#8243;][\/vc_column][vc_column width=&#8220;2\/3&#8243;][\/vc_column][vc_column width=&#8220;1\/6&#8243;][\/vc_column][\/vc_row][vc_row css_animation=&#8220;&#8220; row_type=&#8220;row&#8220; use_row_as_full_screen_section=&#8220;no&#8220; type=&#8220;full_width&#8220; angled_section=&#8220;no&#8220; text_align=&#8220;left&#8220; background_image_as_pattern=&#8220;without_pattern&#8220;][vc_column width=&#8220;1\/6&#8243;][\/vc_column][vc_column width=&#8220;2\/3&#8243;][vc_column_text css=&#8220;.vc_custom_1565295902319{margin-top: 30px !important;margin-bottom: 50px&#8230;<\/p>\n","protected":false},"author":3,"featured_media":0,"parent":0,"menu_order":3,"comment_status":"closed","ping_status":"closed","template":"full_width.php","meta":{"_acf_changed":false,"footnotes":""},"class_list":["post-16985","page","type-page","status-publish","hentry"],"acf":[],"yoast_head":"<!-- This site is optimized with the Yoast SEO plugin v24.4 - https:\/\/yoast.com\/wordpress\/plugins\/seo\/ -->\n<title>Interne Organisation - Robert Prossliner Stiftung<\/title>\n<meta name=\"robots\" content=\"index, follow, max-snippet:-1, max-image-preview:large, max-video-preview:-1\" \/>\n<link rel=\"canonical\" href=\"https:\/\/prosslinerstiftung.it\/de\/interne-organisation\/\" \/>\n<meta property=\"og:locale\" content=\"de_DE\" \/>\n<meta property=\"og:type\" content=\"article\" \/>\n<meta property=\"og:title\" content=\"Interne Organisation - Robert Prossliner Stiftung\" \/>\n<meta property=\"og:description\" content=\"[vc_row css_animation=&#8220;&#8220; row_type=&#8220;row&#8220; use_row_as_full_screen_section=&#8220;no&#8220; type=&#8220;grid&#8220; angled_section=&#8220;no&#8220; text_align=&#8220;left&#8220; background_image_as_pattern=&#8220;without_pattern&#8220; css=&#8220;.vc_custom_1570217374348{padding-top: 400px !important;padding-bottom: 400px !important;background-image: url(https:\/\/prosslinerstiftung.it\/wp-content\/uploads\/2019\/10\/organigramm-1.jpg?id=17776) !important;}&#8220;][vc_column][\/vc_column][\/vc_row][vc_row css_animation=&#8220;&#8220; row_type=&#8220;row&#8220; use_row_as_full_screen_section=&#8220;no&#8220; type=&#8220;full_width&#8220; angled_section=&#8220;no&#8220; text_align=&#8220;left&#8220; background_image_as_pattern=&#8220;without_pattern&#8220;][vc_column][vc_empty_space][\/vc_column][\/vc_row][vc_row css_animation=&#8220;&#8220; row_type=&#8220;row&#8220; use_row_as_full_screen_section=&#8220;no&#8220; type=&#8220;full_width&#8220; angled_section=&#8220;no&#8220; text_align=&#8220;left&#8220; background_image_as_pattern=&#8220;without_pattern&#8220;][vc_column width=&#8220;1\/6&#8243;][\/vc_column][vc_column width=&#8220;2\/3&#8243;][\/vc_column][vc_column width=&#8220;1\/6&#8243;][\/vc_column][\/vc_row][vc_row css_animation=&#8220;&#8220; row_type=&#8220;row&#8220; use_row_as_full_screen_section=&#8220;no&#8220; type=&#8220;full_width&#8220; angled_section=&#8220;no&#8220; text_align=&#8220;left&#8220; background_image_as_pattern=&#8220;without_pattern&#8220;][vc_column width=&#8220;1\/6&#8243;][\/vc_column][vc_column width=&#8220;2\/3&#8243;][vc_column_text css=&#8220;.vc_custom_1565295902319{margin-top: 30px !important;margin-bottom: 50px...\" \/>\n<meta property=\"og:url\" content=\"https:\/\/prosslinerstiftung.it\/de\/interne-organisation\/\" \/>\n<meta property=\"og:site_name\" content=\"Robert Prossliner Stiftung\" \/>\n<meta property=\"article:modified_time\" content=\"2025-02-13T11:29:20+00:00\" \/>\n<meta name=\"twitter:card\" content=\"summary_large_image\" \/>\n<meta name=\"twitter:label1\" content=\"Gesch\u00e4tzte Lesezeit\" \/>\n\t<meta name=\"twitter:data1\" content=\"2\u00a0Minuten\" \/>\n<script type=\"application\/ld+json\" class=\"yoast-schema-graph\">{\"@context\":\"https:\/\/schema.org\",\"@graph\":[{\"@type\":\"WebPage\",\"@id\":\"https:\/\/prosslinerstiftung.it\/de\/interne-organisation\/\",\"url\":\"https:\/\/prosslinerstiftung.it\/de\/interne-organisation\/\",\"name\":\"Interne Organisation - Robert Prossliner Stiftung\",\"isPartOf\":{\"@id\":\"https:\/\/prosslinerstiftung.it\/de\/#website\"},\"datePublished\":\"2019-06-11T07:52:25+00:00\",\"dateModified\":\"2025-02-13T11:29:20+00:00\",\"breadcrumb\":{\"@id\":\"https:\/\/prosslinerstiftung.it\/de\/interne-organisation\/#breadcrumb\"},\"inLanguage\":\"de\",\"potentialAction\":[{\"@type\":\"ReadAction\",\"target\":[\"https:\/\/prosslinerstiftung.it\/de\/interne-organisation\/\"]}]},{\"@type\":\"BreadcrumbList\",\"@id\":\"https:\/\/prosslinerstiftung.it\/de\/interne-organisation\/#breadcrumb\",\"itemListElement\":[{\"@type\":\"ListItem\",\"position\":1,\"name\":\"Home\",\"item\":\"https:\/\/prosslinerstiftung.it\/de\/\"},{\"@type\":\"ListItem\",\"position\":2,\"name\":\"Interne Organisation\"}]},{\"@type\":\"WebSite\",\"@id\":\"https:\/\/prosslinerstiftung.it\/de\/#website\",\"url\":\"https:\/\/prosslinerstiftung.it\/de\/\",\"name\":\"Robert Prossliner Stiftung\",\"description\":\"Casa di Riposo - Ora\",\"publisher\":{\"@id\":\"https:\/\/prosslinerstiftung.it\/de\/#organization\"},\"potentialAction\":[{\"@type\":\"SearchAction\",\"target\":{\"@type\":\"EntryPoint\",\"urlTemplate\":\"https:\/\/prosslinerstiftung.it\/de\/?s={search_term_string}\"},\"query-input\":{\"@type\":\"PropertyValueSpecification\",\"valueRequired\":true,\"valueName\":\"search_term_string\"}}],\"inLanguage\":\"de\"},{\"@type\":\"Organization\",\"@id\":\"https:\/\/prosslinerstiftung.it\/de\/#organization\",\"name\":\"Robert Prossliner Stiftung\",\"url\":\"https:\/\/prosslinerstiftung.it\/de\/\",\"logo\":{\"@type\":\"ImageObject\",\"inLanguage\":\"de\",\"@id\":\"https:\/\/prosslinerstiftung.it\/de\/#\/schema\/logo\/image\/\",\"url\":\"\",\"contentUrl\":\"\",\"caption\":\"Robert Prossliner Stiftung\"},\"image\":{\"@id\":\"https:\/\/prosslinerstiftung.it\/de\/#\/schema\/logo\/image\/\"}}]}<\/script>\n<!-- \/ Yoast SEO plugin. -->","yoast_head_json":{"title":"Interne Organisation - Robert Prossliner Stiftung","robots":{"index":"index","follow":"follow","max-snippet":"max-snippet:-1","max-image-preview":"max-image-preview:large","max-video-preview":"max-video-preview:-1"},"canonical":"https:\/\/prosslinerstiftung.it\/de\/interne-organisation\/","og_locale":"de_DE","og_type":"article","og_title":"Interne Organisation - Robert Prossliner Stiftung","og_description":"[vc_row css_animation=&#8220;&#8220; row_type=&#8220;row&#8220; use_row_as_full_screen_section=&#8220;no&#8220; type=&#8220;grid&#8220; angled_section=&#8220;no&#8220; text_align=&#8220;left&#8220; background_image_as_pattern=&#8220;without_pattern&#8220; css=&#8220;.vc_custom_1570217374348{padding-top: 400px !important;padding-bottom: 400px !important;background-image: url(https:\/\/prosslinerstiftung.it\/wp-content\/uploads\/2019\/10\/organigramm-1.jpg?id=17776) !important;}&#8220;][vc_column][\/vc_column][\/vc_row][vc_row css_animation=&#8220;&#8220; row_type=&#8220;row&#8220; use_row_as_full_screen_section=&#8220;no&#8220; type=&#8220;full_width&#8220; angled_section=&#8220;no&#8220; text_align=&#8220;left&#8220; background_image_as_pattern=&#8220;without_pattern&#8220;][vc_column][vc_empty_space][\/vc_column][\/vc_row][vc_row css_animation=&#8220;&#8220; row_type=&#8220;row&#8220; use_row_as_full_screen_section=&#8220;no&#8220; type=&#8220;full_width&#8220; angled_section=&#8220;no&#8220; text_align=&#8220;left&#8220; background_image_as_pattern=&#8220;without_pattern&#8220;][vc_column width=&#8220;1\/6&#8243;][\/vc_column][vc_column width=&#8220;2\/3&#8243;][\/vc_column][vc_column width=&#8220;1\/6&#8243;][\/vc_column][\/vc_row][vc_row css_animation=&#8220;&#8220; row_type=&#8220;row&#8220; use_row_as_full_screen_section=&#8220;no&#8220; type=&#8220;full_width&#8220; angled_section=&#8220;no&#8220; text_align=&#8220;left&#8220; background_image_as_pattern=&#8220;without_pattern&#8220;][vc_column width=&#8220;1\/6&#8243;][\/vc_column][vc_column width=&#8220;2\/3&#8243;][vc_column_text css=&#8220;.vc_custom_1565295902319{margin-top: 30px !important;margin-bottom: 50px...","og_url":"https:\/\/prosslinerstiftung.it\/de\/interne-organisation\/","og_site_name":"Robert Prossliner Stiftung","article_modified_time":"2025-02-13T11:29:20+00:00","twitter_card":"summary_large_image","twitter_misc":{"Gesch\u00e4tzte Lesezeit":"2\u00a0Minuten"},"schema":{"@context":"https:\/\/schema.org","@graph":[{"@type":"WebPage","@id":"https:\/\/prosslinerstiftung.it\/de\/interne-organisation\/","url":"https:\/\/prosslinerstiftung.it\/de\/interne-organisation\/","name":"Interne Organisation - Robert Prossliner Stiftung","isPartOf":{"@id":"https:\/\/prosslinerstiftung.it\/de\/#website"},"datePublished":"2019-06-11T07:52:25+00:00","dateModified":"2025-02-13T11:29:20+00:00","breadcrumb":{"@id":"https:\/\/prosslinerstiftung.it\/de\/interne-organisation\/#breadcrumb"},"inLanguage":"de","potentialAction":[{"@type":"ReadAction","target":["https:\/\/prosslinerstiftung.it\/de\/interne-organisation\/"]}]},{"@type":"BreadcrumbList","@id":"https:\/\/prosslinerstiftung.it\/de\/interne-organisation\/#breadcrumb","itemListElement":[{"@type":"ListItem","position":1,"name":"Home","item":"https:\/\/prosslinerstiftung.it\/de\/"},{"@type":"ListItem","position":2,"name":"Interne Organisation"}]},{"@type":"WebSite","@id":"https:\/\/prosslinerstiftung.it\/de\/#website","url":"https:\/\/prosslinerstiftung.it\/de\/","name":"Robert Prossliner Stiftung","description":"Casa di Riposo - Ora","publisher":{"@id":"https:\/\/prosslinerstiftung.it\/de\/#organization"},"potentialAction":[{"@type":"SearchAction","target":{"@type":"EntryPoint","urlTemplate":"https:\/\/prosslinerstiftung.it\/de\/?s={search_term_string}"},"query-input":{"@type":"PropertyValueSpecification","valueRequired":true,"valueName":"search_term_string"}}],"inLanguage":"de"},{"@type":"Organization","@id":"https:\/\/prosslinerstiftung.it\/de\/#organization","name":"Robert Prossliner Stiftung","url":"https:\/\/prosslinerstiftung.it\/de\/","logo":{"@type":"ImageObject","inLanguage":"de","@id":"https:\/\/prosslinerstiftung.it\/de\/#\/schema\/logo\/image\/","url":"","contentUrl":"","caption":"Robert Prossliner Stiftung"},"image":{"@id":"https:\/\/prosslinerstiftung.it\/de\/#\/schema\/logo\/image\/"}}]}},"_links":{"self":[{"href":"https:\/\/prosslinerstiftung.it\/de\/wp-json\/wp\/v2\/pages\/16985","targetHints":{"allow":["GET"]}}],"collection":[{"href":"https:\/\/prosslinerstiftung.it\/de\/wp-json\/wp\/v2\/pages"}],"about":[{"href":"https:\/\/prosslinerstiftung.it\/de\/wp-json\/wp\/v2\/types\/page"}],"author":[{"embeddable":true,"href":"https:\/\/prosslinerstiftung.it\/de\/wp-json\/wp\/v2\/users\/3"}],"replies":[{"embeddable":true,"href":"https:\/\/prosslinerstiftung.it\/de\/wp-json\/wp\/v2\/comments?post=16985"}],"version-history":[{"count":1,"href":"https:\/\/prosslinerstiftung.it\/de\/wp-json\/wp\/v2\/pages\/16985\/revisions"}],"predecessor-version":[{"id":18908,"href":"https:\/\/prosslinerstiftung.it\/de\/wp-json\/wp\/v2\/pages\/16985\/revisions\/18908"}],"wp:attachment":[{"href":"https:\/\/prosslinerstiftung.it\/de\/wp-json\/wp\/v2\/media?parent=16985"}],"curies":[{"name":"wp","href":"https:\/\/api.w.org\/{rel}","templated":true}]}}