{"id":16295,"date":"2017-05-18T13:49:00","date_gmt":"2017-05-18T13:49:00","guid":{"rendered":"https:\/\/prosslinerstiftung.it\/?page_id=16295\/"},"modified":"2025-02-17T14:57:01","modified_gmt":"2025-02-17T14:57:01","slug":"robert_prossliner_stiftung","status":"publish","type":"page","link":"https:\/\/prosslinerstiftung.it\/de\/","title":{"rendered":"Robert Prossliner Stiftung"},"content":{"rendered":"<div class=\"wpb-content-wrapper\"><p>[vc_row css_animation=&#8220;&#8220; row_type=&#8220;row&#8220; use_row_as_full_screen_section=&#8220;no&#8220; type=&#8220;grid&#8220; angled_section=&#8220;no&#8220; text_align=&#8220;left&#8220; background_image_as_pattern=&#8220;without_pattern&#8220; css=&#8220;.vc_custom_1739528579844{margin-bottom: 50px !important;padding-top: 70px !important;}&#8220;][vc_column][vc_column_text css=&#8220;.vc_custom_1739528067401{margin-bottom: 50px !important;}&#8220;]<\/p>\n<h4 style=\"text-align: center;\">\u201cEin Heim zum leben\u201d<\/h4>\n<p>[\/vc_column_text][\/vc_column][\/vc_row][vc_row css_animation=&#8220;&#8220; row_type=&#8220;row&#8220; use_row_as_full_screen_section=&#8220;no&#8220; type=&#8220;full_width&#8220; angled_section=&#8220;no&#8220; text_align=&#8220;left&#8220; background_image_as_pattern=&#8220;without_pattern&#8220; css=&#8220;.vc_custom_1739528630681{margin-bottom: 90px !important;padding-top: 50px !important;padding-bottom: 50px !important;background-color: #EBEBE1 !important;}&#8220;][vc_column width=&#8220;1\/6&#8243;][\/vc_column][vc_column width=&#8220;1\/6&#8243; css=&#8220;.vc_custom_1739541113795{margin-bottom: 30px !important;}&#8220;][vc_single_image image=&#8220;16301&#8243; img_size=&#8220;full&#8220; alignment=&#8220;center&#8220; qode_css_animation=&#8220;&#8220;][\/vc_column][vc_column width=&#8220;1\/2&#8243; css=&#8220;.vc_custom_1739804204129{margin-top: -10px !important;}&#8220;][vc_column_text css=&#8220;.vc_custom_1739804218857{padding-right: 20px !important;padding-left: 20px !important;}&#8220;]<\/p>\n<h2>Robert Prossliner<\/h2>\n<p>&nbsp;<\/p>\n<h4 style=\"text-align: left;\">&#8222;Man muss das Gute tun, damit es in der Welt sei&#8220;<\/h4>\n<p style=\"text-align: left;\">&#8211;\u00a0<span style=\"color: #4d4c4c;\"><em>Marie von Ebner-Eschenbach<\/em><\/span><\/p>\n<p>&nbsp;<\/p>\n<h3>Dieser Spruch, den sich Robert Prossliner zum Leitsatz gemacht hat, steht auf seinem Grabstein. Er ist Gr\u00fcnder der Stiftung, dem das Alten- und Pflegeheim zu verdanken ist.<\/h3>\n<p>[\/vc_column_text][\/vc_column][vc_column width=&#8220;1\/6&#8243;][\/vc_column][\/vc_row][vc_row css_animation=&#8220;&#8220; row_type=&#8220;row&#8220; use_row_as_full_screen_section=&#8220;no&#8220; type=&#8220;grid&#8220; angled_section=&#8220;no&#8220; text_align=&#8220;left&#8220; background_image_as_pattern=&#8220;without_pattern&#8220; padding_top=&#8220;124&#8243; padding_bottom=&#8220;37&#8243; css=&#8220;.vc_custom_1739528296483{margin-top: -80px !important;}&#8220;][vc_column width=&#8220;1\/3&#8243;][vc_single_image image=&#8220;17782&#8243; img_size=&#8220;large&#8220; onclick=&#8220;custom_link&#8220; css=&#8220;&#8220; qode_css_animation=&#8220;&#8220;][vc_separator type=&#8220;transparent&#8220; up=&#8220;24&#8243; down=&#8220;0&#8243;][vc_column_text css=&#8220;&#8220;]<\/p>\n<h5>Kurzzeitpflege<\/h5>\n<p>[\/vc_column_text][vc_separator type=&#8220;normal&#8220; up=&#8220;5&#8243; down=&#8220;19&#8243;][vc_column_text css=&#8220;&#8220;]Zielsetzung der Kurzzeitpflege ist die zeitlich befristete Aufnahme von pflegebed\u00fcrftigen Menschen die von zu Hause oder zur Nachbetreuung vom Krankenhaus kommen.[\/vc_column_text][vc_separator type=&#8220;transparent&#8220; up=&#8220;13&#8243; down=&#8220;0&#8243;]<div class=\"custom_font_holder\" style=\"font-family: Open Sans; font-size: 13px; line-height: 36px; font-style: normal; font-weight: 400; text-decoration: none; letter-spacing: 1px; text-align: left;\"><a href=\"https:\/\/prosslinerstiftung.it\/de\/kurzzeitpflege\/\">MEHR INFOS<\/a><\/div>[vc_separator type=&#8220;transparent&#8220; up=&#8220;49&#8243; down=&#8220;0&#8243;][\/vc_column][vc_column width=&#8220;1\/3&#8243;][vc_single_image image=&#8220;17841&#8243; img_size=&#8220;large&#8220; onclick=&#8220;custom_link&#8220; css=&#8220;&#8220; qode_css_animation=&#8220;&#8220;][vc_separator type=&#8220;transparent&#8220; up=&#8220;24&#8243; down=&#8220;0&#8243;][vc_column_text css=&#8220;&#8220;]<\/p>\n<h5>Ansuchen<\/h5>\n<p>[\/vc_column_text][vc_separator type=&#8220;normal&#8220; up=&#8220;5&#8243; down=&#8220;19&#8243;][vc_column_text css=&#8220;&#8220;]<\/p>\n<div class=\"wpb_text_column wpb_content_element \">\n<div class=\"wpb_wrapper\">\n<p>Die Aufnahme erfolgt auf der Grundlage eines schriftlichen Antrages.\u00a0 Die entsprechenden Formulare sind im Sekretariat\u00a0 erh\u00e4ltlich oder k\u00f6nnen direkt auf dieser Seite heruntergeladen werden.<\/p>\n<\/div>\n<\/div>\n<p>[\/vc_column_text][vc_separator type=&#8220;transparent&#8220; up=&#8220;13&#8243; down=&#8220;0&#8243;]<div class=\"custom_font_holder\" style=\"font-family: Open Sans; font-size: 13px; line-height: 36px; font-style: normal; font-weight: 400; text-decoration: none; letter-spacing: 1px; text-align: left;\"><a href=\"https:\/\/prosslinerstiftung.it\/de\/ansuchen\/\">HIER DOWNLOADEN<\/a><\/div>[vc_separator type=&#8220;transparent&#8220; up=&#8220;49&#8243; down=&#8220;0&#8243;][\/vc_column][vc_column width=&#8220;1\/3&#8243;][vc_single_image image=&#8220;17762&#8243; img_size=&#8220;large&#8220; onclick=&#8220;custom_link&#8220; css=&#8220;&#8220; qode_css_animation=&#8220;&#8220;][vc_separator type=&#8220;transparent&#8220; up=&#8220;24&#8243; down=&#8220;0&#8243;][vc_column_text css=&#8220;&#8220;]<\/p>\n<h5>Betreuung &amp; Pflege<\/h5>\n<p>[\/vc_column_text][vc_separator type=&#8220;normal&#8220; up=&#8220;5&#8243; down=&#8220;19&#8243;][vc_column_text css=&#8220;&#8220;]Unsere Aufgabe besteht darin, \u00e4ltere, hilfs- und pflegebed\u00fcrftige Menschen entsprechend ihren F\u00e4higkeiten zu betreuen und zu pflegen.[\/vc_column_text][vc_separator type=&#8220;transparent&#8220; up=&#8220;13&#8243; down=&#8220;0&#8243;]<div class=\"custom_font_holder\" style=\"font-family: Open Sans; font-size: 13px; line-height: 36px; font-style: normal; font-weight: 400; text-decoration: none; letter-spacing: 1px; text-align: left;\"><a href=\"https:\/\/prosslinerstiftung.it\/de\/betreuung-und-pflege\/\">MEHR INFOS<\/a><\/div>[vc_separator type=&#8220;transparent&#8220; up=&#8220;49&#8243; down=&#8220;0&#8243;][\/vc_column][\/vc_row][vc_row css_animation=&#8220;&#8220; row_type=&#8220;row&#8220; use_row_as_full_screen_section=&#8220;no&#8220; type=&#8220;grid&#8220; angled_section=&#8220;no&#8220; text_align=&#8220;left&#8220; background_image_as_pattern=&#8220;without_pattern&#8220; css=&#8220;.vc_custom_1739528303607{margin-bottom: 50px !important;}&#8220;][vc_column][vc_column_text]<\/p>\n<h2>Die Phasen der Geburt der Stiftung<\/h2>\n<p>[\/vc_column_text][vc_separator type=&#8220;normal&#8220;][\/vc_column][\/vc_row][vc_row css_animation=&#8220;&#8220; row_type=&#8220;row&#8220; use_row_as_full_screen_section=&#8220;no&#8220; type=&#8220;grid&#8220; angled_section=&#8220;no&#8220; text_align=&#8220;left&#8220; background_image_as_pattern=&#8220;without_pattern&#8220;][vc_column width=&#8220;1\/3&#8243;][vc_text_separator title=&#8220;1994&#8243; title_align=&#8220;separator_align_left&#8220; border=&#8220;no&#8220;][\/vc_column][vc_column width=&#8220;2\/3&#8243;][vc_column_text]<\/p>\n<h3><em>Robert Prossliner gr\u00fcndet die Stiftung.<\/em><\/h3>\n<p>[\/vc_column_text][\/vc_column][\/vc_row][vc_row css_animation=&#8220;&#8220; row_type=&#8220;row&#8220; use_row_as_full_screen_section=&#8220;no&#8220; type=&#8220;grid&#8220; angled_section=&#8220;no&#8220; text_align=&#8220;left&#8220; background_image_as_pattern=&#8220;without_pattern&#8220; css=&#8220;.vc_custom_1739528318688{margin-top: 70px !important;margin-bottom: 70px !important;}&#8220;][vc_column width=&#8220;1\/3&#8243;][vc_text_separator title=&#8220;1998&#8243; border=&#8220;no&#8220;][\/vc_column][vc_column width=&#8220;2\/3&#8243;][vc_column_text]<\/p>\n<h3><em>Der Grundstein zum Bau des Heims wird gelegt.<\/em><\/h3>\n<p>[\/vc_column_text][\/vc_column][\/vc_row][vc_row css_animation=&#8220;&#8220; row_type=&#8220;row&#8220; use_row_as_full_screen_section=&#8220;no&#8220; type=&#8220;grid&#8220; angled_section=&#8220;no&#8220; text_align=&#8220;left&#8220; background_image_as_pattern=&#8220;without_pattern&#8220; css=&#8220;.vc_custom_1739528603130{padding-bottom: 90px !important;}&#8220;][vc_column width=&#8220;1\/3&#8243;][vc_text_separator title=&#8220;2000&#8243; title_align=&#8220;separator_align_right&#8220; border=&#8220;no&#8220;][\/vc_column][vc_column width=&#8220;2\/3&#8243;][vc_column_text]<\/p>\n<h3><em>Das Heim wird er\u00f6ffnet.<\/em><\/h3>\n<p>[\/vc_column_text][\/vc_column][\/vc_row]<\/p>\n<\/div>","protected":false},"excerpt":{"rendered":"<p>[vc_row css_animation=&#8220;&#8220; row_type=&#8220;row&#8220; use_row_as_full_screen_section=&#8220;no&#8220; type=&#8220;grid&#8220; angled_section=&#8220;no&#8220; text_align=&#8220;left&#8220; background_image_as_pattern=&#8220;without_pattern&#8220; css=&#8220;.vc_custom_1739528579844{margin-bottom: 50px !important;padding-top: 70px !important;}&#8220;][vc_column][vc_column_text css=&#8220;.vc_custom_1739528067401{margin-bottom: 50px !important;}&#8220;] \u201cEin Heim zum leben\u201d [\/vc_column_text][\/vc_column][\/vc_row][vc_row css_animation=&#8220;&#8220; row_type=&#8220;row&#8220; use_row_as_full_screen_section=&#8220;no&#8220; type=&#8220;full_width&#8220; angled_section=&#8220;no&#8220; text_align=&#8220;left&#8220; background_image_as_pattern=&#8220;without_pattern&#8220; css=&#8220;.vc_custom_1739528630681{margin-bottom: 90px !important;padding-top: 50px !important;padding-bottom: 50px !important;background-color: #EBEBE1 !important;}&#8220;][vc_column width=&#8220;1\/6&#8243;][\/vc_column][vc_column width=&#8220;1\/6&#8243; css=&#8220;.vc_custom_1739541113795{margin-bottom: 30px !important;}&#8220;][vc_single_image image=&#8220;16301&#8243; img_size=&#8220;full&#8220; alignment=&#8220;center&#8220;&#8230;<\/p>\n","protected":false},"author":3,"featured_media":0,"parent":0,"menu_order":1,"comment_status":"closed","ping_status":"closed","template":"full_width.php","meta":{"_acf_changed":false,"footnotes":""},"class_list":["post-16295","page","type-page","status-publish","hentry"],"acf":[],"yoast_head":"<!-- This site is optimized with the Yoast SEO plugin v24.4 - https:\/\/yoast.com\/wordpress\/plugins\/seo\/ -->\n<title>Robert Prossliner Stiftung - Robert Prossliner Stiftung<\/title>\n<meta name=\"robots\" content=\"index, follow, max-snippet:-1, max-image-preview:large, max-video-preview:-1\" \/>\n<link rel=\"canonical\" href=\"https:\/\/prosslinerstiftung.it\/de\/\" \/>\n<meta property=\"og:locale\" content=\"de_DE\" \/>\n<meta property=\"og:type\" content=\"article\" \/>\n<meta property=\"og:title\" content=\"Robert Prossliner Stiftung - Robert Prossliner Stiftung\" \/>\n<meta property=\"og:description\" content=\"[vc_row css_animation=&#8220;&#8220; row_type=&#8220;row&#8220; use_row_as_full_screen_section=&#8220;no&#8220; type=&#8220;grid&#8220; angled_section=&#8220;no&#8220; text_align=&#8220;left&#8220; background_image_as_pattern=&#8220;without_pattern&#8220; css=&#8220;.vc_custom_1739528579844{margin-bottom: 50px !important;padding-top: 70px !important;}&#8220;][vc_column][vc_column_text css=&#8220;.vc_custom_1739528067401{margin-bottom: 50px !important;}&#8220;] \u201cEin Heim zum leben\u201d [\/vc_column_text][\/vc_column][\/vc_row][vc_row css_animation=&#8220;&#8220; row_type=&#8220;row&#8220; use_row_as_full_screen_section=&#8220;no&#8220; type=&#8220;full_width&#8220; angled_section=&#8220;no&#8220; text_align=&#8220;left&#8220; background_image_as_pattern=&#8220;without_pattern&#8220; css=&#8220;.vc_custom_1739528630681{margin-bottom: 90px !important;padding-top: 50px !important;padding-bottom: 50px !important;background-color: #EBEBE1 !important;}&#8220;][vc_column width=&#8220;1\/6&#8243;][\/vc_column][vc_column width=&#8220;1\/6&#8243; css=&#8220;.vc_custom_1739541113795{margin-bottom: 30px !important;}&#8220;][vc_single_image image=&#8220;16301&#8243; img_size=&#8220;full&#8220; alignment=&#8220;center&#8220;...\" \/>\n<meta property=\"og:url\" content=\"https:\/\/prosslinerstiftung.it\/de\/\" \/>\n<meta property=\"og:site_name\" content=\"Robert Prossliner Stiftung\" \/>\n<meta property=\"article:modified_time\" content=\"2025-02-17T14:57:01+00:00\" \/>\n<meta name=\"twitter:card\" content=\"summary_large_image\" \/>\n<meta name=\"twitter:label1\" content=\"Gesch\u00e4tzte Lesezeit\" \/>\n\t<meta name=\"twitter:data1\" content=\"3\u00a0Minuten\" \/>\n<script type=\"application\/ld+json\" class=\"yoast-schema-graph\">{\"@context\":\"https:\/\/schema.org\",\"@graph\":[{\"@type\":\"WebPage\",\"@id\":\"https:\/\/prosslinerstiftung.it\/de\/\",\"url\":\"https:\/\/prosslinerstiftung.it\/de\/\",\"name\":\"Robert Prossliner Stiftung - Robert Prossliner Stiftung\",\"isPartOf\":{\"@id\":\"https:\/\/prosslinerstiftung.it\/de\/#website\"},\"datePublished\":\"2017-05-18T13:49:00+00:00\",\"dateModified\":\"2025-02-17T14:57:01+00:00\",\"breadcrumb\":{\"@id\":\"https:\/\/prosslinerstiftung.it\/de\/#breadcrumb\"},\"inLanguage\":\"de\",\"potentialAction\":[{\"@type\":\"ReadAction\",\"target\":[\"https:\/\/prosslinerstiftung.it\/de\/\"]}]},{\"@type\":\"BreadcrumbList\",\"@id\":\"https:\/\/prosslinerstiftung.it\/de\/#breadcrumb\",\"itemListElement\":[{\"@type\":\"ListItem\",\"position\":1,\"name\":\"Home\",\"item\":\"https:\/\/prosslinerstiftung.it\/de\/\"},{\"@type\":\"ListItem\",\"position\":2,\"name\":\"Robert Prossliner Stiftung\"}]},{\"@type\":\"WebSite\",\"@id\":\"https:\/\/prosslinerstiftung.it\/de\/#website\",\"url\":\"https:\/\/prosslinerstiftung.it\/de\/\",\"name\":\"Robert Prossliner Stiftung\",\"description\":\"Casa di Riposo - Ora\",\"publisher\":{\"@id\":\"https:\/\/prosslinerstiftung.it\/de\/#organization\"},\"potentialAction\":[{\"@type\":\"SearchAction\",\"target\":{\"@type\":\"EntryPoint\",\"urlTemplate\":\"https:\/\/prosslinerstiftung.it\/de\/?s={search_term_string}\"},\"query-input\":{\"@type\":\"PropertyValueSpecification\",\"valueRequired\":true,\"valueName\":\"search_term_string\"}}],\"inLanguage\":\"de\"},{\"@type\":\"Organization\",\"@id\":\"https:\/\/prosslinerstiftung.it\/de\/#organization\",\"name\":\"Robert Prossliner Stiftung\",\"url\":\"https:\/\/prosslinerstiftung.it\/de\/\",\"logo\":{\"@type\":\"ImageObject\",\"inLanguage\":\"de\",\"@id\":\"https:\/\/prosslinerstiftung.it\/de\/#\/schema\/logo\/image\/\",\"url\":\"\",\"contentUrl\":\"\",\"caption\":\"Robert Prossliner Stiftung\"},\"image\":{\"@id\":\"https:\/\/prosslinerstiftung.it\/de\/#\/schema\/logo\/image\/\"}}]}<\/script>\n<!-- \/ Yoast SEO plugin. -->","yoast_head_json":{"title":"Robert Prossliner Stiftung - Robert Prossliner Stiftung","robots":{"index":"index","follow":"follow","max-snippet":"max-snippet:-1","max-image-preview":"max-image-preview:large","max-video-preview":"max-video-preview:-1"},"canonical":"https:\/\/prosslinerstiftung.it\/de\/","og_locale":"de_DE","og_type":"article","og_title":"Robert Prossliner Stiftung - Robert Prossliner Stiftung","og_description":"[vc_row css_animation=&#8220;&#8220; row_type=&#8220;row&#8220; use_row_as_full_screen_section=&#8220;no&#8220; type=&#8220;grid&#8220; angled_section=&#8220;no&#8220; text_align=&#8220;left&#8220; background_image_as_pattern=&#8220;without_pattern&#8220; css=&#8220;.vc_custom_1739528579844{margin-bottom: 50px !important;padding-top: 70px !important;}&#8220;][vc_column][vc_column_text css=&#8220;.vc_custom_1739528067401{margin-bottom: 50px !important;}&#8220;] \u201cEin Heim zum leben\u201d [\/vc_column_text][\/vc_column][\/vc_row][vc_row css_animation=&#8220;&#8220; row_type=&#8220;row&#8220; use_row_as_full_screen_section=&#8220;no&#8220; type=&#8220;full_width&#8220; angled_section=&#8220;no&#8220; text_align=&#8220;left&#8220; background_image_as_pattern=&#8220;without_pattern&#8220; css=&#8220;.vc_custom_1739528630681{margin-bottom: 90px !important;padding-top: 50px !important;padding-bottom: 50px !important;background-color: #EBEBE1 !important;}&#8220;][vc_column width=&#8220;1\/6&#8243;][\/vc_column][vc_column width=&#8220;1\/6&#8243; css=&#8220;.vc_custom_1739541113795{margin-bottom: 30px !important;}&#8220;][vc_single_image image=&#8220;16301&#8243; img_size=&#8220;full&#8220; alignment=&#8220;center&#8220;...","og_url":"https:\/\/prosslinerstiftung.it\/de\/","og_site_name":"Robert Prossliner Stiftung","article_modified_time":"2025-02-17T14:57:01+00:00","twitter_card":"summary_large_image","twitter_misc":{"Gesch\u00e4tzte Lesezeit":"3\u00a0Minuten"},"schema":{"@context":"https:\/\/schema.org","@graph":[{"@type":"WebPage","@id":"https:\/\/prosslinerstiftung.it\/de\/","url":"https:\/\/prosslinerstiftung.it\/de\/","name":"Robert Prossliner Stiftung - Robert Prossliner Stiftung","isPartOf":{"@id":"https:\/\/prosslinerstiftung.it\/de\/#website"},"datePublished":"2017-05-18T13:49:00+00:00","dateModified":"2025-02-17T14:57:01+00:00","breadcrumb":{"@id":"https:\/\/prosslinerstiftung.it\/de\/#breadcrumb"},"inLanguage":"de","potentialAction":[{"@type":"ReadAction","target":["https:\/\/prosslinerstiftung.it\/de\/"]}]},{"@type":"BreadcrumbList","@id":"https:\/\/prosslinerstiftung.it\/de\/#breadcrumb","itemListElement":[{"@type":"ListItem","position":1,"name":"Home","item":"https:\/\/prosslinerstiftung.it\/de\/"},{"@type":"ListItem","position":2,"name":"Robert Prossliner Stiftung"}]},{"@type":"WebSite","@id":"https:\/\/prosslinerstiftung.it\/de\/#website","url":"https:\/\/prosslinerstiftung.it\/de\/","name":"Robert Prossliner Stiftung","description":"Casa di Riposo - Ora","publisher":{"@id":"https:\/\/prosslinerstiftung.it\/de\/#organization"},"potentialAction":[{"@type":"SearchAction","target":{"@type":"EntryPoint","urlTemplate":"https:\/\/prosslinerstiftung.it\/de\/?s={search_term_string}"},"query-input":{"@type":"PropertyValueSpecification","valueRequired":true,"valueName":"search_term_string"}}],"inLanguage":"de"},{"@type":"Organization","@id":"https:\/\/prosslinerstiftung.it\/de\/#organization","name":"Robert Prossliner Stiftung","url":"https:\/\/prosslinerstiftung.it\/de\/","logo":{"@type":"ImageObject","inLanguage":"de","@id":"https:\/\/prosslinerstiftung.it\/de\/#\/schema\/logo\/image\/","url":"","contentUrl":"","caption":"Robert Prossliner Stiftung"},"image":{"@id":"https:\/\/prosslinerstiftung.it\/de\/#\/schema\/logo\/image\/"}}]}},"_links":{"self":[{"href":"https:\/\/prosslinerstiftung.it\/de\/wp-json\/wp\/v2\/pages\/16295","targetHints":{"allow":["GET"]}}],"collection":[{"href":"https:\/\/prosslinerstiftung.it\/de\/wp-json\/wp\/v2\/pages"}],"about":[{"href":"https:\/\/prosslinerstiftung.it\/de\/wp-json\/wp\/v2\/types\/page"}],"author":[{"embeddable":true,"href":"https:\/\/prosslinerstiftung.it\/de\/wp-json\/wp\/v2\/users\/3"}],"replies":[{"embeddable":true,"href":"https:\/\/prosslinerstiftung.it\/de\/wp-json\/wp\/v2\/comments?post=16295"}],"version-history":[{"count":21,"href":"https:\/\/prosslinerstiftung.it\/de\/wp-json\/wp\/v2\/pages\/16295\/revisions"}],"predecessor-version":[{"id":19265,"href":"https:\/\/prosslinerstiftung.it\/de\/wp-json\/wp\/v2\/pages\/16295\/revisions\/19265"}],"wp:attachment":[{"href":"https:\/\/prosslinerstiftung.it\/de\/wp-json\/wp\/v2\/media?parent=16295"}],"curies":[{"name":"wp","href":"https:\/\/api.w.org\/{rel}","templated":true}]}}