{"id":17138,"date":"2019-07-01T06:36:49","date_gmt":"2019-07-01T06:36:49","guid":{"rendered":"https:\/\/prosslinerstiftung.it\/?page_id=17138\/"},"modified":"2026-03-02T09:20:28","modified_gmt":"2026-03-02T09:20:28","slug":"ansuchen","status":"publish","type":"page","link":"http:\/\/prosslinerstiftung.it\/de\/ansuchen\/","title":{"rendered":"Ansuchen"},"content":{"rendered":"<div class=\"wpb-content-wrapper\"><p>[vc_row css_animation=&#8220;&#8220; row_type=&#8220;row&#8220; use_row_as_full_screen_section=&#8220;no&#8220; type=&#8220;full_width&#8220; angled_section=&#8220;no&#8220; text_align=&#8220;left&#8220; background_image_as_pattern=&#8220;without_pattern&#8220; css=&#8220;.vc_custom_1570392143973{padding-top: 400px !important;padding-bottom: 400px !important;background-image: url(https:\/\/prosslinerstiftung.it\/wp-content\/uploads\/2019\/10\/fueller.jpg?id=17841) !important;}&#8220;][vc_column][vc_column_text][\/vc_column_text][\/vc_column][\/vc_row][vc_row css_animation=&#8220;&#8220; row_type=&#8220;row&#8220; use_row_as_full_screen_section=&#8220;no&#8220; type=&#8220;full_width&#8220; angled_section=&#8220;no&#8220; text_align=&#8220;left&#8220; background_image_as_pattern=&#8220;without_pattern&#8220;][vc_column][vc_empty_space][\/vc_column][\/vc_row][vc_row css_animation=&#8220;&#8220; row_type=&#8220;row&#8220; use_row_as_full_screen_section=&#8220;no&#8220; type=&#8220;grid&#8220; angled_section=&#8220;no&#8220; text_align=&#8220;left&#8220; background_image_as_pattern=&#8220;without_pattern&#8220;][vc_column][vc_column_text]<\/p>\n<h3 style=\"text-align: center;\"><span style=\"color: #ff9900;\">Die Aufnahme erfolgt auf der Grundlage eines schriftlichen Antrages.\u00a0 <\/span><span style=\"color: #ff9900;\">Die entsprechenden Formulare sind im Sekretariat\u00a0 erh\u00e4ltlich oder k\u00f6nnen direkt auf dieser Seite heruntergeladen werden\u00a0<\/span><\/h3>\n<p>[\/vc_column_text][vc_empty_space][\/vc_column][\/vc_row][vc_row css_animation=&#8220;&#8220; row_type=&#8220;row&#8220; use_row_as_full_screen_section=&#8220;no&#8220; type=&#8220;grid&#8220; angled_section=&#8220;no&#8220; text_align=&#8220;left&#8220; background_image_as_pattern=&#8220;without_pattern&#8220;][vc_column width=&#8220;1\/3&#8243;][vc_column_text]<\/p>\n<h4 style=\"text-align: center;\">Ansuchen um<br \/>\nAufnahme<\/h4>\n<p>[\/vc_column_text][vc_separator type=&#8220;normal&#8220;][vc_separator type=&#8220;transparent&#8220;][vc_single_image image=&#8220;17338&#8243; alignment=&#8220;center&#8220; onclick=&#8220;custom_link&#8220; img_link_target=&#8220;_blank&#8220; css=&#8220;&#8220; qode_css_animation=&#8220;&#8220; link=&#8220;https:\/\/prosslinerstiftung.it\/wp-content\/uploads\/2026\/03\/FO-03.01-002-V01-Ansuchen-Heimaufnahme.pdf&#8220;][vc_separator type=&#8220;transparent&#8220;][vc_separator type=&#8220;transparent&#8220;][\/vc_column][vc_column width=&#8220;1\/3&#8243;][vc_column_text]<\/p>\n<h4 style=\"text-align: center;\">\u00c4rztlicher<br \/>\nFragebogen<\/h4>\n<p>[\/vc_column_text][vc_separator type=&#8220;normal&#8220;][vc_separator type=&#8220;transparent&#8220;][vc_single_image image=&#8220;17338&#8243; alignment=&#8220;center&#8220; onclick=&#8220;custom_link&#8220; img_link_target=&#8220;_blank&#8220; css=&#8220;&#8220; qode_css_animation=&#8220;&#8220; link=&#8220;https:\/\/prosslinerstiftung.it\/wp-content\/uploads\/2026\/03\/FO-03.01-003-V06-Aerztlicher-Fragebogen.pdf&#8220;][vc_separator type=&#8220;transparent&#8220;][vc_separator type=&#8220;transparent&#8220;][\/vc_column][vc_column width=&#8220;1\/3&#8243;][vc_column_text]<\/p>\n<h4 style=\"text-align: center;\">Kosten-<br \/>\nzusicherung<\/h4>\n<p>[\/vc_column_text][vc_separator type=&#8220;normal&#8220;][vc_separator type=&#8220;transparent&#8220;][vc_single_image image=&#8220;17338&#8243; alignment=&#8220;center&#8220; onclick=&#8220;custom_link&#8220; img_link_target=&#8220;_blank&#8220; css=&#8220;&#8220; qode_css_animation=&#8220;&#8220; link=&#8220;https:\/\/prosslinerstiftung.it\/wp-content\/uploads\/2026\/03\/FO-03.01-004-V07-Kostenzusicherung.pdf&#8220;][vc_separator type=&#8220;transparent&#8220;][vc_separator type=&#8220;transparent&#8220;][\/vc_column][\/vc_row][vc_row css_animation=&#8220;&#8220; row_type=&#8220;row&#8220; use_row_as_full_screen_section=&#8220;no&#8220; type=&#8220;full_width&#8220; angled_section=&#8220;no&#8220; text_align=&#8220;left&#8220; background_image_as_pattern=&#8220;without_pattern&#8220;][vc_column][vc_empty_space][\/vc_column][\/vc_row][vc_row css_animation=&#8220;&#8220; row_type=&#8220;row&#8220; use_row_as_full_screen_section=&#8220;no&#8220; type=&#8220;grid&#8220; angled_section=&#8220;no&#8220; text_align=&#8220;left&#8220; background_image_as_pattern=&#8220;without_pattern&#8220;][vc_column][vc_empty_space][vc_column_text]<\/p>\n<h3 style=\"text-align: center;\">Zuk\u00fcnftige Bewohner und ihre Angeh\u00f6rigen erhalten selbstverst\u00e4ndlich vollst\u00e4ndige und umfangreiche Informationen \u00fcber unser Leistungsangebot, die Pflege, das Wohnen und die entstehenden Kosten.<\/h3>\n<p>[\/vc_column_text][vc_empty_space][\/vc_column][\/vc_row][vc_row css_animation=&#8220;&#8220; row_type=&#8220;row&#8220; use_row_as_full_screen_section=&#8220;no&#8220; type=&#8220;grid&#8220; angled_section=&#8220;no&#8220; text_align=&#8220;left&#8220; background_image_as_pattern=&#8220;without_pattern&#8220;][vc_column width=&#8220;1\/2&#8243;][vc_separator type=&#8220;transparent&#8220;][vc_separator type=&#8220;transparent&#8220;][vc_column_text]<\/p>\n<h4 style=\"text-align: center;\">Tagess\u00e4tze<\/h4>\n<p>[\/vc_column_text][vc_separator type=&#8220;normal&#8220;][vc_separator type=&#8220;transparent&#8220;][vc_single_image image=&#8220;17338&#8243; alignment=&#8220;center&#8220; onclick=&#8220;custom_link&#8220; img_link_target=&#8220;_blank&#8220; css=&#8220;&#8220; qode_css_animation=&#8220;&#8220; link=&#8220;https:\/\/prosslinerstiftung.it\/wp-content\/uploads\/2026\/02\/Tagessatz-Uebersicht-Aushang-2026_new.pdf&#8220;][vc_separator type=&#8220;transparent&#8220;][vc_separator type=&#8220;transparent&#8220;][\/vc_column][vc_column width=&#8220;1\/2&#8243;][vc_separator type=&#8220;transparent&#8220;][vc_separator type=&#8220;transparent&#8220;][vc_column_text]<\/p>\n<h4 style=\"text-align: center;\">Kriterien Rangordnung<\/h4>\n<p>[\/vc_column_text][vc_separator type=&#8220;normal&#8220;][vc_separator type=&#8220;transparent&#8220;][vc_single_image image=&#8220;17338&#8243; alignment=&#8220;center&#8220; onclick=&#8220;custom_link&#8220; img_link_target=&#8220;_blank&#8220; css=&#8220;&#8220; qode_css_animation=&#8220;&#8220; link=&#8220;https:\/\/prosslinerstiftung.it\/wp-content\/uploads\/2026\/03\/FO-03.01-001-V02-Kriterien-Erstellung-Warteliste.pdf&#8220;][vc_separator type=&#8220;transparent&#8220;][vc_separator type=&#8220;transparent&#8220;][\/vc_column][\/vc_row]<\/p>\n<\/div>","protected":false},"excerpt":{"rendered":"<p>[vc_row css_animation=&#8220;&#8220; row_type=&#8220;row&#8220; use_row_as_full_screen_section=&#8220;no&#8220; type=&#8220;full_width&#8220; angled_section=&#8220;no&#8220; text_align=&#8220;left&#8220; background_image_as_pattern=&#8220;without_pattern&#8220; css=&#8220;.vc_custom_1570392143973{padding-top: 400px !important;padding-bottom: 400px !important;background-image: url(https:\/\/prosslinerstiftung.it\/wp-content\/uploads\/2019\/10\/fueller.jpg?id=17841) !important;}&#8220;][vc_column][vc_column_text][\/vc_column_text][\/vc_column][\/vc_row][vc_row css_animation=&#8220;&#8220; row_type=&#8220;row&#8220; use_row_as_full_screen_section=&#8220;no&#8220; type=&#8220;full_width&#8220; angled_section=&#8220;no&#8220; text_align=&#8220;left&#8220; background_image_as_pattern=&#8220;without_pattern&#8220;][vc_column][vc_empty_space][\/vc_column][\/vc_row][vc_row css_animation=&#8220;&#8220; row_type=&#8220;row&#8220; use_row_as_full_screen_section=&#8220;no&#8220; type=&#8220;grid&#8220; angled_section=&#8220;no&#8220; text_align=&#8220;left&#8220; background_image_as_pattern=&#8220;without_pattern&#8220;][vc_column][vc_column_text] Die Aufnahme erfolgt auf der Grundlage eines schriftlichen Antrages.\u00a0 Die entsprechenden Formulare sind im Sekretariat\u00a0 erh\u00e4ltlich&#8230;<\/p>\n","protected":false},"author":3,"featured_media":0,"parent":0,"menu_order":8,"comment_status":"closed","ping_status":"closed","template":"full_width.php","meta":{"_acf_changed":false,"footnotes":""},"class_list":["post-17138","page","type-page","status-publish","hentry"],"acf":[],"yoast_head":"<!-- This site is optimized with the Yoast SEO plugin v24.4 - https:\/\/yoast.com\/wordpress\/plugins\/seo\/ -->\n<title>Ansuchen - Robert Prossliner Stiftung<\/title>\n<meta name=\"robots\" content=\"index, follow, max-snippet:-1, max-image-preview:large, max-video-preview:-1\" \/>\n<link rel=\"canonical\" href=\"https:\/\/prosslinerstiftung.it\/de\/ansuchen\/\" \/>\n<meta property=\"og:locale\" content=\"de_DE\" \/>\n<meta property=\"og:type\" content=\"article\" \/>\n<meta property=\"og:title\" content=\"Ansuchen - Robert Prossliner Stiftung\" \/>\n<meta property=\"og:description\" content=\"[vc_row css_animation=&#8220;&#8220; row_type=&#8220;row&#8220; use_row_as_full_screen_section=&#8220;no&#8220; type=&#8220;full_width&#8220; angled_section=&#8220;no&#8220; text_align=&#8220;left&#8220; background_image_as_pattern=&#8220;without_pattern&#8220; css=&#8220;.vc_custom_1570392143973{padding-top: 400px !important;padding-bottom: 400px !important;background-image: url(https:\/\/prosslinerstiftung.it\/wp-content\/uploads\/2019\/10\/fueller.jpg?id=17841) !important;}&#8220;][vc_column][vc_column_text][\/vc_column_text][\/vc_column][\/vc_row][vc_row css_animation=&#8220;&#8220; row_type=&#8220;row&#8220; use_row_as_full_screen_section=&#8220;no&#8220; type=&#8220;full_width&#8220; angled_section=&#8220;no&#8220; text_align=&#8220;left&#8220; background_image_as_pattern=&#8220;without_pattern&#8220;][vc_column][vc_empty_space][\/vc_column][\/vc_row][vc_row css_animation=&#8220;&#8220; row_type=&#8220;row&#8220; use_row_as_full_screen_section=&#8220;no&#8220; type=&#8220;grid&#8220; angled_section=&#8220;no&#8220; text_align=&#8220;left&#8220; background_image_as_pattern=&#8220;without_pattern&#8220;][vc_column][vc_column_text] Die Aufnahme erfolgt auf der Grundlage eines schriftlichen Antrages.\u00a0 Die entsprechenden Formulare sind im Sekretariat\u00a0 erh\u00e4ltlich...\" \/>\n<meta property=\"og:url\" content=\"https:\/\/prosslinerstiftung.it\/de\/ansuchen\/\" \/>\n<meta property=\"og:site_name\" content=\"Robert Prossliner Stiftung\" \/>\n<meta property=\"article:modified_time\" content=\"2026-03-02T09:20:28+00:00\" \/>\n<meta name=\"twitter:card\" content=\"summary_large_image\" \/>\n<meta name=\"twitter:label1\" content=\"Gesch\u00e4tzte Lesezeit\" \/>\n\t<meta name=\"twitter:data1\" content=\"3\u00a0Minuten\" \/>\n<script type=\"application\/ld+json\" class=\"yoast-schema-graph\">{\"@context\":\"https:\/\/schema.org\",\"@graph\":[{\"@type\":\"WebPage\",\"@id\":\"https:\/\/prosslinerstiftung.it\/de\/ansuchen\/\",\"url\":\"https:\/\/prosslinerstiftung.it\/de\/ansuchen\/\",\"name\":\"Ansuchen - Robert Prossliner Stiftung\",\"isPartOf\":{\"@id\":\"https:\/\/prosslinerstiftung.it\/#website\"},\"datePublished\":\"2019-07-01T06:36:49+00:00\",\"dateModified\":\"2026-03-02T09:20:28+00:00\",\"breadcrumb\":{\"@id\":\"https:\/\/prosslinerstiftung.it\/de\/ansuchen\/#breadcrumb\"},\"inLanguage\":\"de\",\"potentialAction\":[{\"@type\":\"ReadAction\",\"target\":[\"https:\/\/prosslinerstiftung.it\/de\/ansuchen\/\"]}]},{\"@type\":\"BreadcrumbList\",\"@id\":\"https:\/\/prosslinerstiftung.it\/de\/ansuchen\/#breadcrumb\",\"itemListElement\":[{\"@type\":\"ListItem\",\"position\":1,\"name\":\"Home\",\"item\":\"https:\/\/prosslinerstiftung.it\/de\/\"},{\"@type\":\"ListItem\",\"position\":2,\"name\":\"Ansuchen\"}]},{\"@type\":\"WebSite\",\"@id\":\"https:\/\/prosslinerstiftung.it\/#website\",\"url\":\"https:\/\/prosslinerstiftung.it\/\",\"name\":\"Robert Prossliner Stiftung\",\"description\":\"Casa di Riposo - Ora\",\"publisher\":{\"@id\":\"https:\/\/prosslinerstiftung.it\/#organization\"},\"potentialAction\":[{\"@type\":\"SearchAction\",\"target\":{\"@type\":\"EntryPoint\",\"urlTemplate\":\"https:\/\/prosslinerstiftung.it\/?s={search_term_string}\"},\"query-input\":{\"@type\":\"PropertyValueSpecification\",\"valueRequired\":true,\"valueName\":\"search_term_string\"}}],\"inLanguage\":\"de\"},{\"@type\":\"Organization\",\"@id\":\"https:\/\/prosslinerstiftung.it\/#organization\",\"name\":\"Robert Prossliner Stiftung\",\"url\":\"https:\/\/prosslinerstiftung.it\/\",\"logo\":{\"@type\":\"ImageObject\",\"inLanguage\":\"de\",\"@id\":\"https:\/\/prosslinerstiftung.it\/#\/schema\/logo\/image\/\",\"url\":\"\",\"contentUrl\":\"\",\"caption\":\"Robert Prossliner Stiftung\"},\"image\":{\"@id\":\"https:\/\/prosslinerstiftung.it\/#\/schema\/logo\/image\/\"}}]}<\/script>\n<!-- \/ Yoast SEO plugin. -->","yoast_head_json":{"title":"Ansuchen - Robert Prossliner Stiftung","robots":{"index":"index","follow":"follow","max-snippet":"max-snippet:-1","max-image-preview":"max-image-preview:large","max-video-preview":"max-video-preview:-1"},"canonical":"https:\/\/prosslinerstiftung.it\/de\/ansuchen\/","og_locale":"de_DE","og_type":"article","og_title":"Ansuchen - Robert Prossliner Stiftung","og_description":"[vc_row css_animation=&#8220;&#8220; row_type=&#8220;row&#8220; use_row_as_full_screen_section=&#8220;no&#8220; type=&#8220;full_width&#8220; angled_section=&#8220;no&#8220; text_align=&#8220;left&#8220; background_image_as_pattern=&#8220;without_pattern&#8220; css=&#8220;.vc_custom_1570392143973{padding-top: 400px !important;padding-bottom: 400px !important;background-image: url(https:\/\/prosslinerstiftung.it\/wp-content\/uploads\/2019\/10\/fueller.jpg?id=17841) !important;}&#8220;][vc_column][vc_column_text][\/vc_column_text][\/vc_column][\/vc_row][vc_row css_animation=&#8220;&#8220; row_type=&#8220;row&#8220; use_row_as_full_screen_section=&#8220;no&#8220; type=&#8220;full_width&#8220; angled_section=&#8220;no&#8220; text_align=&#8220;left&#8220; background_image_as_pattern=&#8220;without_pattern&#8220;][vc_column][vc_empty_space][\/vc_column][\/vc_row][vc_row css_animation=&#8220;&#8220; row_type=&#8220;row&#8220; use_row_as_full_screen_section=&#8220;no&#8220; type=&#8220;grid&#8220; angled_section=&#8220;no&#8220; text_align=&#8220;left&#8220; background_image_as_pattern=&#8220;without_pattern&#8220;][vc_column][vc_column_text] Die Aufnahme erfolgt auf der Grundlage eines schriftlichen Antrages.\u00a0 Die entsprechenden Formulare sind im Sekretariat\u00a0 erh\u00e4ltlich...","og_url":"https:\/\/prosslinerstiftung.it\/de\/ansuchen\/","og_site_name":"Robert Prossliner Stiftung","article_modified_time":"2026-03-02T09:20:28+00:00","twitter_card":"summary_large_image","twitter_misc":{"Gesch\u00e4tzte Lesezeit":"3\u00a0Minuten"},"schema":{"@context":"https:\/\/schema.org","@graph":[{"@type":"WebPage","@id":"https:\/\/prosslinerstiftung.it\/de\/ansuchen\/","url":"https:\/\/prosslinerstiftung.it\/de\/ansuchen\/","name":"Ansuchen - Robert Prossliner Stiftung","isPartOf":{"@id":"https:\/\/prosslinerstiftung.it\/#website"},"datePublished":"2019-07-01T06:36:49+00:00","dateModified":"2026-03-02T09:20:28+00:00","breadcrumb":{"@id":"https:\/\/prosslinerstiftung.it\/de\/ansuchen\/#breadcrumb"},"inLanguage":"de","potentialAction":[{"@type":"ReadAction","target":["https:\/\/prosslinerstiftung.it\/de\/ansuchen\/"]}]},{"@type":"BreadcrumbList","@id":"https:\/\/prosslinerstiftung.it\/de\/ansuchen\/#breadcrumb","itemListElement":[{"@type":"ListItem","position":1,"name":"Home","item":"https:\/\/prosslinerstiftung.it\/de\/"},{"@type":"ListItem","position":2,"name":"Ansuchen"}]},{"@type":"WebSite","@id":"https:\/\/prosslinerstiftung.it\/#website","url":"https:\/\/prosslinerstiftung.it\/","name":"Robert Prossliner Stiftung","description":"Casa di Riposo - Ora","publisher":{"@id":"https:\/\/prosslinerstiftung.it\/#organization"},"potentialAction":[{"@type":"SearchAction","target":{"@type":"EntryPoint","urlTemplate":"https:\/\/prosslinerstiftung.it\/?s={search_term_string}"},"query-input":{"@type":"PropertyValueSpecification","valueRequired":true,"valueName":"search_term_string"}}],"inLanguage":"de"},{"@type":"Organization","@id":"https:\/\/prosslinerstiftung.it\/#organization","name":"Robert Prossliner Stiftung","url":"https:\/\/prosslinerstiftung.it\/","logo":{"@type":"ImageObject","inLanguage":"de","@id":"https:\/\/prosslinerstiftung.it\/#\/schema\/logo\/image\/","url":"","contentUrl":"","caption":"Robert Prossliner Stiftung"},"image":{"@id":"https:\/\/prosslinerstiftung.it\/#\/schema\/logo\/image\/"}}]}},"_links":{"self":[{"href":"http:\/\/prosslinerstiftung.it\/de\/wp-json\/wp\/v2\/pages\/17138","targetHints":{"allow":["GET"]}}],"collection":[{"href":"http:\/\/prosslinerstiftung.it\/de\/wp-json\/wp\/v2\/pages"}],"about":[{"href":"http:\/\/prosslinerstiftung.it\/de\/wp-json\/wp\/v2\/types\/page"}],"author":[{"embeddable":true,"href":"http:\/\/prosslinerstiftung.it\/de\/wp-json\/wp\/v2\/users\/3"}],"replies":[{"embeddable":true,"href":"http:\/\/prosslinerstiftung.it\/de\/wp-json\/wp\/v2\/comments?post=17138"}],"version-history":[{"count":22,"href":"http:\/\/prosslinerstiftung.it\/de\/wp-json\/wp\/v2\/pages\/17138\/revisions"}],"predecessor-version":[{"id":19354,"href":"http:\/\/prosslinerstiftung.it\/de\/wp-json\/wp\/v2\/pages\/17138\/revisions\/19354"}],"wp:attachment":[{"href":"http:\/\/prosslinerstiftung.it\/de\/wp-json\/wp\/v2\/media?parent=17138"}],"curies":[{"name":"wp","href":"https:\/\/api.w.org\/{rel}","templated":true}]}}